{"id":8487,"date":"2025-04-28T15:48:30","date_gmt":"2025-04-28T15:48:30","guid":{"rendered":"https:\/\/belart-gallery.com\/product-page\/big-heart\/"},"modified":"2026-04-09T12:45:28","modified_gmt":"2026-04-09T12:45:28","slug":"big-heart-114-x-146-cm-nikolaos-schizas","status":"publish","type":"product","link":"https:\/\/www.belart-gallery.com\/fr\/product-page\/big-heart-114-x-146-cm-nikolaos-schizas\/","title":{"rendered":"Grand c\u0153ur"},"content":{"rendered":"<p>Not stretched. You will receive it rolled, in a tube, ready for stretching.<br \/>\nWe recommend having your painting stretched at a local custom framing shop, which is usually the most affordable and convenient option for large canvases.<br \/>\nYou can also contact us to check the possibility of having it framed directly by our team.<\/p>\n<p>Cette \u0153uvre d'art vibrante capture magistralement la fluidit\u00e9 et l'\u00e9motion de l'amour \u00e0 travers la repr\u00e9sentation dynamique d'un c\u0153ur. Des coups de pinceau rouges et roses audacieux tourbillonnent ensemble dans une danse captivante, cr\u00e9ant un sentiment de mouvement et de passion. L'interaction des couleurs et des textures ajoute de la profondeur, avec de riches tons cramoisis dominant le centre et des roses plus doux s'estompant gracieusement vers les bords. Des \u00e9clats frappants de blanc et d'or introduisent un sentiment de spontan\u00e9it\u00e9 et d'excitation, \u00e9voquant la nature impr\u00e9visible des \u00e9motions. La forme du c\u0153ur est \u00e0 la fois abstraite et reconnaissable, invitant les spectateurs \u00e0 en interpr\u00e9ter personnellement la signification. L'utilisation habile par l'artiste de couleurs vives et d'un coup de pinceau \u00e9nergique cr\u00e9e un impact visuel puissant, faisant de cette \u0153uvre une exploration fascinante des complexit\u00e9s et de l'intensit\u00e9 de l'amour.<\/p>","protected":false},"excerpt":{"rendered":"<p>Not stretched. You will receive it rolled, in a tube, ready for stretching. We recommend having your painting stretched at a local custom framing shop, which is usually the most affordable and convenient option for large canvases. You can also contact us to check the possibility of having it framed directly by our team. This [&hellip;]<\/p>","protected":false},"featured_media":5087,"template":"","meta":{"_acf_changed":false,"inline_featured_image":false,"_monsterinsights_skip_tracking":false,"_monsterinsights_sitenote_active":false,"_monsterinsights_sitenote_note":"","_monsterinsights_sitenote_category":0},"product_brand":[184],"product_cat":[27,36],"product_tag":[117,123,169],"department":[],"class_list":{"0":"post-8487","1":"product","2":"type-product","3":"status-publish","4":"has-post-thumbnail","6":"product_brand-nikolaos-schizas","7":"product_cat-abstract","8":"product_cat-painting","9":"product_tag-abstract-art","10":"product_tag-colorful-artwork","11":"product_tag-colors","12":"product_shipping_class-rolled","14":"first","15":"instock","16":"sold-individually","17":"shipping-taxable","18":"purchasable","19":"product-type-simple"},"acf":[],"_links":{"self":[{"href":"https:\/\/www.belart-gallery.com\/fr\/wp-json\/wp\/v2\/product\/8487","targetHints":{"allow":["GET"]}}],"collection":[{"href":"https:\/\/www.belart-gallery.com\/fr\/wp-json\/wp\/v2\/product"}],"about":[{"href":"https:\/\/www.belart-gallery.com\/fr\/wp-json\/wp\/v2\/types\/product"}],"version-history":[{"count":1,"href":"https:\/\/www.belart-gallery.com\/fr\/wp-json\/wp\/v2\/product\/8487\/revisions"}],"predecessor-version":[{"id":11095,"href":"https:\/\/www.belart-gallery.com\/fr\/wp-json\/wp\/v2\/product\/8487\/revisions\/11095"}],"wp:featuredmedia":[{"embeddable":true,"href":"https:\/\/www.belart-gallery.com\/fr\/wp-json\/wp\/v2\/media\/5087"}],"wp:attachment":[{"href":"https:\/\/www.belart-gallery.com\/fr\/wp-json\/wp\/v2\/media?parent=8487"}],"wp:term":[{"taxonomy":"product_brand","embeddable":true,"href":"https:\/\/www.belart-gallery.com\/fr\/wp-json\/wp\/v2\/product_brand?post=8487"},{"taxonomy":"product_cat","embeddable":true,"href":"https:\/\/www.belart-gallery.com\/fr\/wp-json\/wp\/v2\/product_cat?post=8487"},{"taxonomy":"product_tag","embeddable":true,"href":"https:\/\/www.belart-gallery.com\/fr\/wp-json\/wp\/v2\/product_tag?post=8487"},{"taxonomy":"department","embeddable":true,"href":"https:\/\/www.belart-gallery.com\/fr\/wp-json\/wp\/v2\/department?post=8487"}],"curies":[{"name":"wp","href":"https:\/\/api.w.org\/{rel}","templated":true}]}}