{"id":8488,"date":"2025-04-28T15:48:30","date_gmt":"2025-04-28T15:48:30","guid":{"rendered":"https:\/\/belart-gallery.com\/product-page\/dream-night-ii\/"},"modified":"2025-07-22T11:18:33","modified_gmt":"2025-07-22T11:18:33","slug":"dream-night-ii-80-x-80-cm-nikolaos-schizas","status":"publish","type":"product","link":"https:\/\/www.belart-gallery.com\/fr\/product-page\/dream-night-ii-80-x-80-cm-nikolaos-schizas\/","title":{"rendered":"Dream Night II"},"content":{"rendered":"<p>L'\u0153uvre peut \u00eatre retir\u00e9e \u00e0 la galerie BelArt \u00e0 Bruxelles, Belgique, ou peut \u00eatre livr\u00e9e \u00e0 l'adresse de votre choix dans un d\u00e9lai de 2 \u00e0 3 semaines apr\u00e8s la confirmation de votre commande. L'\u0153uvre est assur\u00e9e pendant le transport, il n'y a donc aucun risque. Origine : Belgique : Belgique.<\/p>\n<p>&nbsp;<\/p>\n<p>This artwork envelops you with a sense of mystery and tranquility, as though capturing a fleeting moment in time just before dusk. \u201cDream Night II\u201d invites you into a world where abstraction meets reverie, evoking the stillness of night and the quiet whispers of the subconscious.<\/p>\n<p>L'utilisation par l'artiste de<a href=\"https:\/\/www.belart-gallery.com\/fr\/abstract\/\" target=\"_blank\" rel=\"noopener\"> <strong>abstrait<\/strong><\/a> forms and fluid brushstrokes creates a seamless blend of shapes and colors, drawing the viewer\u2019s gaze in multiple directions. The composition feels organic, as though the piece is in constant motion, while still offering a sense of peacefulness. The rich textures and delicate layers invite you to explore the work up close, revealing a depth that makes each glance feel like a new discovery. The dark, muted tones are punctuated with subtle hints of lighter shades, evoking the soft contrast found in a moonlit sky. This textured artwork connects the viewer with both the visible and invisible aspects of the world.<\/p>\n<p>En tant que <a href=\"https:\/\/www.belart-gallery.com\/fr\/large-size-art-living-room-modern-abstract-contemporary-wall-art-pop-art\" target=\"_blank\" rel=\"noopener\"><strong>grande taille<\/strong><\/a> piece, \u201cDream Night II\u201d commands attention, making it an ideal centerpiece for contemporary spaces. Let the soothing yet dynamic nature of this work transform your environment and create a conversation that lingers long after you\u2019ve left the room.<\/p>\n<p>&nbsp;<\/p>\n<p>Explore more works from <a href=\"https:\/\/www.belart-gallery.com\/fr\/nikolaos-schizas\/\" target=\"_blank\" rel=\"noopener\">Nikolaos Schizas<\/a>, and discover how his unique blend of <a href=\"https:\/\/www.belart-gallery.com\/fr\/abstract\/\" target=\"_blank\" rel=\"noopener\"><strong>art abstrait<\/strong><\/a> speaks directly to the soul.<\/p>\n<div>\n<div>\n<div>\n<div>\n<div>\n<div><\/div>\n<\/div>\n<\/div>\n<\/div>\n<\/div>\n<\/div>\n<p>&nbsp;<\/p>","protected":false},"excerpt":{"rendered":"<p>The artwork is available for pickup at BelArt Gallery in Brussels, Belgium, or it can be delivered to the address of your choice within 2 to 3 weeks after your order is confirmed. The artwork is insured during transportation, so there&#8217;s no risk. Origin: Belgium. &nbsp; This artwork envelops you with a sense of mystery [&hellip;]<\/p>","protected":false},"featured_media":5093,"template":"","meta":{"_acf_changed":false,"inline_featured_image":false,"_monsterinsights_skip_tracking":false,"_monsterinsights_sitenote_active":false,"_monsterinsights_sitenote_note":"","_monsterinsights_sitenote_category":0},"product_brand":[184],"product_cat":[36],"product_tag":[],"department":[],"class_list":{"0":"post-8488","1":"product","2":"type-product","3":"status-publish","4":"has-post-thumbnail","6":"product_brand-nikolaos-schizas","7":"product_cat-painting","9":"first","10":"outofstock","11":"shipping-taxable","12":"purchasable","13":"product-type-simple"},"acf":[],"_links":{"self":[{"href":"https:\/\/www.belart-gallery.com\/fr\/wp-json\/wp\/v2\/product\/8488","targetHints":{"allow":["GET"]}}],"collection":[{"href":"https:\/\/www.belart-gallery.com\/fr\/wp-json\/wp\/v2\/product"}],"about":[{"href":"https:\/\/www.belart-gallery.com\/fr\/wp-json\/wp\/v2\/types\/product"}],"version-history":[{"count":1,"href":"https:\/\/www.belart-gallery.com\/fr\/wp-json\/wp\/v2\/product\/8488\/revisions"}],"predecessor-version":[{"id":11648,"href":"https:\/\/www.belart-gallery.com\/fr\/wp-json\/wp\/v2\/product\/8488\/revisions\/11648"}],"wp:featuredmedia":[{"embeddable":true,"href":"https:\/\/www.belart-gallery.com\/fr\/wp-json\/wp\/v2\/media\/5093"}],"wp:attachment":[{"href":"https:\/\/www.belart-gallery.com\/fr\/wp-json\/wp\/v2\/media?parent=8488"}],"wp:term":[{"taxonomy":"product_brand","embeddable":true,"href":"https:\/\/www.belart-gallery.com\/fr\/wp-json\/wp\/v2\/product_brand?post=8488"},{"taxonomy":"product_cat","embeddable":true,"href":"https:\/\/www.belart-gallery.com\/fr\/wp-json\/wp\/v2\/product_cat?post=8488"},{"taxonomy":"product_tag","embeddable":true,"href":"https:\/\/www.belart-gallery.com\/fr\/wp-json\/wp\/v2\/product_tag?post=8488"},{"taxonomy":"department","embeddable":true,"href":"https:\/\/www.belart-gallery.com\/fr\/wp-json\/wp\/v2\/department?post=8488"}],"curies":[{"name":"wp","href":"https:\/\/api.w.org\/{rel}","templated":true}]}}