{"id":8522,"date":"2025-04-28T15:48:35","date_gmt":"2025-04-28T15:48:35","guid":{"rendered":"https:\/\/belart-gallery.com\/product-page\/a-little-pink-mood\/"},"modified":"2025-07-10T13:31:20","modified_gmt":"2025-07-10T13:31:20","slug":"nadin-antoniuk-a-little-pink-mood-stretched","status":"publish","type":"product","link":"https:\/\/www.belart-gallery.com\/fr\/product-page\/nadin-antoniuk-a-little-pink-mood-stretched\/","title":{"rendered":"Un peu d'humeur rose"},"content":{"rendered":"<div>\n<div dir=\"rtl\">\n<p dir=\"ltr\">L'\u0153uvre peut \u00eatre retir\u00e9e \u00e0 la galerie BelArt \u00e0 Bruxelles, Belgique, ou peut \u00eatre livr\u00e9e \u00e0 l'adresse de votre choix dans un d\u00e9lai de 2 \u00e0 3 semaines apr\u00e8s la confirmation de votre commande. L'\u0153uvre est assur\u00e9e pendant le transport, il n'y a donc aucun risque. Origine : Belgique : Belgique.<\/p>\n<\/div>\n<\/div>\n<p>&nbsp;<\/p>\n<p>Cette \u0153uvre d'art est tendue sur une toile et pr\u00eate \u00e0 \u00eatre install\u00e9e au mur. La peinture est r\u00e9alis\u00e9e \u00e0 l'aide d'une technique de peinture multicouche. Un million d'\u00e9claboussures multicolores s\u00e8chent avant que chaque couche suivante d'un million d'\u00e9claboussures et de points color\u00e9s ne soit appliqu\u00e9e. En g\u00e9n\u00e9ral, la peinture comporte environ 50 couches d'application d'\u00e9claboussures et de points color\u00e9s.<\/p>","protected":false},"excerpt":{"rendered":"<p>The artwork is available for pickup at BelArt Gallery in Brussels, Belgium, or it can be delivered to the address of your choice within 2 to 3 weeks after your order is confirmed. The artwork is insured during transportation, so there&#8217;s no risk. Origin: Belgium. &nbsp; This artwork is stretched on a canvas and ready [&hellip;]<\/p>","protected":false},"featured_media":5299,"template":"","meta":{"_acf_changed":false,"inline_featured_image":false,"_monsterinsights_skip_tracking":false,"_monsterinsights_sitenote_active":false,"_monsterinsights_sitenote_note":"","_monsterinsights_sitenote_category":0},"product_brand":[187],"product_cat":[167,36],"product_tag":[123,126,127,129,248,139],"department":[],"class_list":{"0":"post-8522","1":"product","2":"type-product","3":"status-publish","4":"has-post-thumbnail","6":"product_brand-nadin-antoniuk","7":"product_cat-figurative","8":"product_cat-painting","9":"product_tag-colorful-artwork","10":"product_tag-figurative","11":"product_tag-floral","12":"product_tag-landscape-artwork","13":"product_tag-sky","14":"product_tag-textured-art","15":"product_shipping_class-medium","17":"first","18":"instock","19":"sold-individually","20":"shipping-taxable","21":"purchasable","22":"product-type-simple"},"acf":[],"_links":{"self":[{"href":"https:\/\/www.belart-gallery.com\/fr\/wp-json\/wp\/v2\/product\/8522","targetHints":{"allow":["GET"]}}],"collection":[{"href":"https:\/\/www.belart-gallery.com\/fr\/wp-json\/wp\/v2\/product"}],"about":[{"href":"https:\/\/www.belart-gallery.com\/fr\/wp-json\/wp\/v2\/types\/product"}],"version-history":[{"count":1,"href":"https:\/\/www.belart-gallery.com\/fr\/wp-json\/wp\/v2\/product\/8522\/revisions"}],"predecessor-version":[{"id":10903,"href":"https:\/\/www.belart-gallery.com\/fr\/wp-json\/wp\/v2\/product\/8522\/revisions\/10903"}],"wp:featuredmedia":[{"embeddable":true,"href":"https:\/\/www.belart-gallery.com\/fr\/wp-json\/wp\/v2\/media\/5299"}],"wp:attachment":[{"href":"https:\/\/www.belart-gallery.com\/fr\/wp-json\/wp\/v2\/media?parent=8522"}],"wp:term":[{"taxonomy":"product_brand","embeddable":true,"href":"https:\/\/www.belart-gallery.com\/fr\/wp-json\/wp\/v2\/product_brand?post=8522"},{"taxonomy":"product_cat","embeddable":true,"href":"https:\/\/www.belart-gallery.com\/fr\/wp-json\/wp\/v2\/product_cat?post=8522"},{"taxonomy":"product_tag","embeddable":true,"href":"https:\/\/www.belart-gallery.com\/fr\/wp-json\/wp\/v2\/product_tag?post=8522"},{"taxonomy":"department","embeddable":true,"href":"https:\/\/www.belart-gallery.com\/fr\/wp-json\/wp\/v2\/department?post=8522"}],"curies":[{"name":"wp","href":"https:\/\/api.w.org\/{rel}","templated":true}]}}