{"id":8526,"date":"2025-04-28T15:48:36","date_gmt":"2025-04-28T15:48:36","guid":{"rendered":"https:\/\/belart-gallery.com\/product-page\/my-name-is-audrey\/"},"modified":"2025-07-20T15:16:04","modified_gmt":"2025-07-20T15:16:04","slug":"jules-holland-my-name-is-audrey-framed","status":"publish","type":"product","link":"https:\/\/www.belart-gallery.com\/fr\/product-page\/jules-holland-my-name-is-audrey-framed\/","title":{"rendered":"My Name Is Audrey (Framed)"},"content":{"rendered":"<div>\n<div>\n<div>\n<div>\n<div>\n<div>\n<p>L'\u0153uvre peut \u00eatre retir\u00e9e \u00e0 la galerie BelArt \u00e0 Bruxelles, Belgique, ou peut \u00eatre livr\u00e9e \u00e0 l'adresse de votre choix dans un d\u00e9lai de 2 \u00e0 3 semaines apr\u00e8s la confirmation de votre commande. L'\u0153uvre est assur\u00e9e pendant le transport, il n'y a donc aucun risque. Origine : Belgique : Belgique.<\/p>\n<\/div>\n<p>&nbsp;<\/p>\n<p>Cette \u0153uvre d'art est \u00e9l\u00e9gamment encadr\u00e9e avec un verre de mus\u00e9e de haute qualit\u00e9 et un cadre en aluminium.<\/p>\n<p>Je n'ai pas pu r\u00e9sister \u00e0 l'envie de combiner deux ic\u00f4nes en un seul portrait captivant - l'intemporelle Audrey Hepburn rencontre les oreilles enjou\u00e9es de Mickey Mouse ! Cette \u0153uvre d'art repr\u00e9sente la beaut\u00e9 du cin\u00e9ma classique et l'enchantement des souvenirs d'enfance, le tout envelopp\u00e9 dans un seul cadre. L'\u00e9l\u00e9gance d'Audrey associ\u00e9e au charme de Mickey est une d\u00e9licieuse fusion de sophistication et de fantaisie.<\/p>\n<\/div>\n<\/div>\n<\/div>\n<\/div>\n<\/div>","protected":false},"excerpt":{"rendered":"<p>The artwork is available for pickup at BelArt Gallery in Brussels, Belgium, or it can be delivered to the address of your choice within 2 to 3 weeks after your order is confirmed. The artwork is insured during transportation, so there&#8217;s no risk. Origin: Belgium. &nbsp; This artwork is elegantly framed with high-quality museum glass [&hellip;]<\/p>","protected":false},"featured_media":11411,"template":"","meta":{"_acf_changed":false,"inline_featured_image":false,"_monsterinsights_skip_tracking":false,"_monsterinsights_sitenote_active":false,"_monsterinsights_sitenote_note":"","_monsterinsights_sitenote_category":0},"product_brand":[193],"product_cat":[36,56],"product_tag":[133],"department":[],"class_list":{"0":"post-8526","1":"product","2":"type-product","3":"status-publish","4":"has-post-thumbnail","6":"product_brand-jerome-mesnager","7":"product_cat-painting","8":"product_cat-pop-art-street-art","9":"product_tag-pop-art-artworks","10":"product_shipping_class-medium","12":"first","13":"instock","14":"sold-individually","15":"shipping-taxable","16":"purchasable","17":"product-type-simple"},"acf":[],"_links":{"self":[{"href":"https:\/\/www.belart-gallery.com\/fr\/wp-json\/wp\/v2\/product\/8526","targetHints":{"allow":["GET"]}}],"collection":[{"href":"https:\/\/www.belart-gallery.com\/fr\/wp-json\/wp\/v2\/product"}],"about":[{"href":"https:\/\/www.belart-gallery.com\/fr\/wp-json\/wp\/v2\/types\/product"}],"version-history":[{"count":1,"href":"https:\/\/www.belart-gallery.com\/fr\/wp-json\/wp\/v2\/product\/8526\/revisions"}],"predecessor-version":[{"id":11410,"href":"https:\/\/www.belart-gallery.com\/fr\/wp-json\/wp\/v2\/product\/8526\/revisions\/11410"}],"wp:featuredmedia":[{"embeddable":true,"href":"https:\/\/www.belart-gallery.com\/fr\/wp-json\/wp\/v2\/media\/11411"}],"wp:attachment":[{"href":"https:\/\/www.belart-gallery.com\/fr\/wp-json\/wp\/v2\/media?parent=8526"}],"wp:term":[{"taxonomy":"product_brand","embeddable":true,"href":"https:\/\/www.belart-gallery.com\/fr\/wp-json\/wp\/v2\/product_brand?post=8526"},{"taxonomy":"product_cat","embeddable":true,"href":"https:\/\/www.belart-gallery.com\/fr\/wp-json\/wp\/v2\/product_cat?post=8526"},{"taxonomy":"product_tag","embeddable":true,"href":"https:\/\/www.belart-gallery.com\/fr\/wp-json\/wp\/v2\/product_tag?post=8526"},{"taxonomy":"department","embeddable":true,"href":"https:\/\/www.belart-gallery.com\/fr\/wp-json\/wp\/v2\/department?post=8526"}],"curies":[{"name":"wp","href":"https:\/\/api.w.org\/{rel}","templated":true}]}}