{"id":8547,"date":"2025-04-28T15:48:39","date_gmt":"2025-04-28T15:48:39","guid":{"rendered":"https:\/\/belart-gallery.com\/product-page\/rose-689\/"},"modified":"2025-07-19T16:30:39","modified_gmt":"2025-07-19T16:30:39","slug":"aykaz-arzumanyan-rose-689","status":"publish","type":"product","link":"https:\/\/www.belart-gallery.com\/fr\/product-page\/aykaz-arzumanyan-rose-689\/","title":{"rendered":"Rose 689"},"content":{"rendered":"<div>\n<div>\n<div>\n<div>\n<div>\n<div>\n<p>L'\u0153uvre peut \u00eatre retir\u00e9e \u00e0 la galerie BelArt \u00e0 Bruxelles, Belgique, ou peut \u00eatre livr\u00e9e \u00e0 l'adresse de votre choix dans un d\u00e9lai de 2 \u00e0 3 semaines apr\u00e8s la confirmation de votre commande. L'\u0153uvre est assur\u00e9e pendant le transport, il n'y a donc aucun risque. Origine : Belgique : Belgique.<\/p>\n<p>&nbsp;<\/p>\n<p><a href=\"https:\/\/www.belart-gallery.com\/fr\/aykaz-arzumanyan-art\/\">Aykaz Arzumanyan<\/a>Rose 689\" est une \u0153uvre captivante. <a href=\"https:\/\/www.belart-gallery.com\/fr\/abstract\/\">abstrait<\/a> <a href=\"https:\/\/www.belart-gallery.com\/fr\/painting\/\">peinture<\/a>L'\u0153uvre de l'artiste se compose de textures complexes et de contrastes de couleurs dynamiques qui \u00e9voquent des \u00e9motions profondes. Ce projet original <a href=\"https:\/\/www.belart-gallery.com\/fr\/textured-art-abstract-wall-art-large-size\/\">art textur\u00e9<\/a> est id\u00e9al pour les collectionneurs \u00e0 la recherche de pi\u00e8ces uniques \u00e0 acheter en ligne.<\/p>\n<p>&nbsp;<\/p>\n<p>Vous pouvez acheter cette \u0153uvre d'art originale en toute s\u00e9curit\u00e9 en ligne ou la retirer dans notre galerie d'art \u00e0 Bruxelles. Jetez un coup d'\u0153il \u00e0 notre s\u00e9lection de pi\u00e8ces uniques, parfaites pour s'harmoniser avec diff\u00e9rents styles et apporter une touche sp\u00e9ciale \u00e0 votre int\u00e9rieur.<\/p>\n<\/div>\n<\/div>\n<\/div>\n<div>\n<div>\n<div><\/div>\n<\/div>\n<\/div>\n<\/div>\n<\/div>\n<\/div>","protected":false},"excerpt":{"rendered":"<p>The artwork is available for pickup at BelArt Gallery in Brussels, Belgium, or it can be delivered to the address of your choice within 2 to 3 weeks after your order is confirmed. The artwork is insured during transportation, so there&#8217;s no risk. Origin: Belgium. &nbsp; Aykaz Arzumanyan&#8216;s &#8220;Rose 689&#8221; is a captivating abstract painting, [&hellip;]<\/p>","protected":false},"featured_media":11253,"template":"","meta":{"_acf_changed":false,"inline_featured_image":false,"_monsterinsights_skip_tracking":false,"_monsterinsights_sitenote_active":false,"_monsterinsights_sitenote_note":"","_monsterinsights_sitenote_category":0},"product_brand":[211],"product_cat":[27,36],"product_tag":[117],"department":[],"class_list":{"0":"post-8547","1":"product","2":"type-product","3":"status-publish","4":"has-post-thumbnail","6":"product_brand-aykaz-arzumanyan","7":"product_cat-abstract","8":"product_cat-painting","9":"product_tag-abstract-art","10":"product_shipping_class-small","12":"first","13":"instock","14":"sold-individually","15":"shipping-taxable","16":"purchasable","17":"product-type-simple"},"acf":[],"_links":{"self":[{"href":"https:\/\/www.belart-gallery.com\/fr\/wp-json\/wp\/v2\/product\/8547","targetHints":{"allow":["GET"]}}],"collection":[{"href":"https:\/\/www.belart-gallery.com\/fr\/wp-json\/wp\/v2\/product"}],"about":[{"href":"https:\/\/www.belart-gallery.com\/fr\/wp-json\/wp\/v2\/types\/product"}],"wp:featuredmedia":[{"embeddable":true,"href":"https:\/\/www.belart-gallery.com\/fr\/wp-json\/wp\/v2\/media\/11253"}],"wp:attachment":[{"href":"https:\/\/www.belart-gallery.com\/fr\/wp-json\/wp\/v2\/media?parent=8547"}],"wp:term":[{"taxonomy":"product_brand","embeddable":true,"href":"https:\/\/www.belart-gallery.com\/fr\/wp-json\/wp\/v2\/product_brand?post=8547"},{"taxonomy":"product_cat","embeddable":true,"href":"https:\/\/www.belart-gallery.com\/fr\/wp-json\/wp\/v2\/product_cat?post=8547"},{"taxonomy":"product_tag","embeddable":true,"href":"https:\/\/www.belart-gallery.com\/fr\/wp-json\/wp\/v2\/product_tag?post=8547"},{"taxonomy":"department","embeddable":true,"href":"https:\/\/www.belart-gallery.com\/fr\/wp-json\/wp\/v2\/department?post=8547"}],"curies":[{"name":"wp","href":"https:\/\/api.w.org\/{rel}","templated":true}]}}