{"id":8552,"date":"2025-04-28T15:48:39","date_gmt":"2025-04-28T15:48:39","guid":{"rendered":"https:\/\/belart-gallery.com\/product-page\/le-jeu-de-la-carte-refuge\/"},"modified":"2025-07-21T11:34:35","modified_gmt":"2025-07-21T11:34:35","slug":"nep-lejeudelacarterefuge","status":"publish","type":"product","link":"https:\/\/www.belart-gallery.com\/fr\/product-page\/nep-lejeudelacarterefuge\/","title":{"rendered":"Le jeu de la carte refuge"},"content":{"rendered":"<div>\n<div>\n<div>\n<div>\n<div>\n<div>\n<p>L'\u0153uvre peut \u00eatre retir\u00e9e \u00e0 la galerie BelArt \u00e0 Bruxelles, Belgique, ou peut \u00eatre livr\u00e9e \u00e0 l'adresse de votre choix dans un d\u00e9lai de 2 \u00e0 3 semaines apr\u00e8s la confirmation de votre commande. L'\u0153uvre est assur\u00e9e pendant le transport, il n'y a donc aucun risque. Origine : Belgique : Belgique.<\/p>\n<\/div>\n<\/div>\n<\/div>\n<div>\n<div>\n<div><\/div>\n<p>Cet ouvrage contemporain <a href=\"https:\/\/www.belart-gallery.com\/fr\/painting\/\" target=\"_blank\" rel=\"noopener\">peinture<\/a> par <a href=\"https:\/\/www.belart-gallery.com\/fr\/nep-art\/\" target=\"_blank\" rel=\"noopener\">NEP<\/a>Intitul\u00e9e \"Le Jeu de la Carte Refuge\", l'\u0153uvre combine des lignes audacieuses et des traits expressifs pour cr\u00e9er un r\u00e9cit visuel dynamique. L'\u0153uvre <a href=\"https:\/\/www.belart-gallery.com\/fr\/abstract\/\" target=\"_blank\" rel=\"noopener\">abstrait<\/a> La composition invite \u00e0 l'interpr\u00e9tation, ce qui en fait une pi\u00e8ce remarquable pour ceux qui recherchent des \u0153uvres d'art originales. Id\u00e9ale pour les collectionneurs qui visitent une galerie d'art en ligne ou qui cherchent \u00e0 acheter des \u0153uvres contemporaines.<\/p>\n<p>&nbsp;<\/p>\n<p>Vous pouvez acheter cette \u0153uvre d'art originale en toute s\u00e9curit\u00e9 en ligne ou la retirer dans notre galerie d'art \u00e0 Bruxelles. Jetez un coup d'\u0153il \u00e0 notre s\u00e9lection de pi\u00e8ces uniques, parfaites pour s'harmoniser avec diff\u00e9rents styles et apporter une touche sp\u00e9ciale \u00e0 votre int\u00e9rieur.<\/p>\n<\/div>\n<\/div>\n<\/div>\n<\/div>\n<\/div>","protected":false},"excerpt":{"rendered":"<p>The artwork is available for pickup at BelArt Gallery in Brussels, Belgium, or it can be delivered to the address of your choice within 2 to 3 weeks after your order is confirmed. The artwork is insured during transportation, so there&#8217;s no risk. Origin: Belgium. This contemporary painting by NEP, titled &#8220;Le Jeu de la [&hellip;]<\/p>","protected":false},"featured_media":11554,"template":"","meta":{"_acf_changed":false,"inline_featured_image":false,"_monsterinsights_skip_tracking":false,"_monsterinsights_sitenote_active":false,"_monsterinsights_sitenote_note":"","_monsterinsights_sitenote_category":0},"product_brand":[185],"product_cat":[36],"product_tag":[],"department":[],"class_list":{"0":"post-8552","1":"product","2":"type-product","3":"status-publish","4":"has-post-thumbnail","6":"product_brand-nep","7":"product_cat-painting","9":"first","10":"outofstock","11":"shipping-taxable","12":"purchasable","13":"product-type-simple"},"acf":[],"_links":{"self":[{"href":"https:\/\/www.belart-gallery.com\/fr\/wp-json\/wp\/v2\/product\/8552","targetHints":{"allow":["GET"]}}],"collection":[{"href":"https:\/\/www.belart-gallery.com\/fr\/wp-json\/wp\/v2\/product"}],"about":[{"href":"https:\/\/www.belart-gallery.com\/fr\/wp-json\/wp\/v2\/types\/product"}],"version-history":[{"count":0,"href":"https:\/\/www.belart-gallery.com\/fr\/wp-json\/wp\/v2\/product\/8552\/revisions"}],"wp:featuredmedia":[{"embeddable":true,"href":"https:\/\/www.belart-gallery.com\/fr\/wp-json\/wp\/v2\/media\/11554"}],"wp:attachment":[{"href":"https:\/\/www.belart-gallery.com\/fr\/wp-json\/wp\/v2\/media?parent=8552"}],"wp:term":[{"taxonomy":"product_brand","embeddable":true,"href":"https:\/\/www.belart-gallery.com\/fr\/wp-json\/wp\/v2\/product_brand?post=8552"},{"taxonomy":"product_cat","embeddable":true,"href":"https:\/\/www.belart-gallery.com\/fr\/wp-json\/wp\/v2\/product_cat?post=8552"},{"taxonomy":"product_tag","embeddable":true,"href":"https:\/\/www.belart-gallery.com\/fr\/wp-json\/wp\/v2\/product_tag?post=8552"},{"taxonomy":"department","embeddable":true,"href":"https:\/\/www.belart-gallery.com\/fr\/wp-json\/wp\/v2\/department?post=8552"}],"curies":[{"name":"wp","href":"https:\/\/api.w.org\/{rel}","templated":true}]}}