{"id":8553,"date":"2025-04-28T15:48:39","date_gmt":"2025-04-28T15:48:39","guid":{"rendered":"https:\/\/belart-gallery.com\/product-page\/lensemble-est-invariable\/"},"modified":"2025-07-20T18:43:27","modified_gmt":"2025-07-20T18:43:27","slug":"lensemble-est-invariable","status":"publish","type":"product","link":"https:\/\/www.belart-gallery.com\/fr\/product-page\/lensemble-est-invariable\/","title":{"rendered":"L&#8217;ensemble est invariable"},"content":{"rendered":"<div>\n<div>\n<div>\n<div>\n<div>\n<div>\n<p>L'\u0153uvre peut \u00eatre retir\u00e9e \u00e0 la galerie BelArt \u00e0 Bruxelles, Belgique, ou peut \u00eatre livr\u00e9e \u00e0 l'adresse de votre choix dans un d\u00e9lai de 2 \u00e0 3 semaines apr\u00e8s la confirmation de votre commande. L'\u0153uvre est assur\u00e9e pendant le transport, il n'y a donc aucun risque. Origine : Belgique : Belgique.<\/p>\n<p>&nbsp;<\/p>\n<p><a href=\"https:\/\/www.belart-gallery.com\/fr\/nep-art\/\" target=\"_blank\" rel=\"noopener\">Nep<\/a>&#8216;s <em>L&#8217;Ensemble Est Invariable<\/em> embodies the spirit of <a href=\"https:\/\/www.belart-gallery.com\/fr\/outsider-art\/\" target=\"_blank\" rel=\"noopener\">l'art de l'outsider <\/a>with its captivating <a href=\"https:\/\/www.belart-gallery.com\/fr\/painting\/\" target=\"_blank\" rel=\"noopener\">peinture<\/a> that challenges conventional norms. Rich in emotion and <a href=\"https:\/\/www.belart-gallery.com\/fr\/textured-art-abstract-wall-art-large-size\/\" target=\"_blank\" rel=\"noopener\">texture<\/a>, this artwork invites viewers to explore its intricate layers and vibrant colors. A standout piece for those looking to buy original artworks online, it offers a unique perspective in contemporary art.<\/p>\n<p>&nbsp;<\/p>\n<p>Vous pouvez acheter cette \u0153uvre d'art originale en toute s\u00e9curit\u00e9 en ligne ou la retirer dans notre galerie d'art \u00e0 Bruxelles. Jetez un coup d'\u0153il \u00e0 notre s\u00e9lection de pi\u00e8ces uniques, parfaites pour s'harmoniser avec diff\u00e9rents styles et apporter une touche sp\u00e9ciale \u00e0 votre int\u00e9rieur.<\/p>\n<\/div>\n<\/div>\n<\/div>\n<div>\n<div>\n<div><\/div>\n<\/div>\n<\/div>\n<\/div>\n<\/div>\n<\/div>","protected":false},"excerpt":{"rendered":"<p>The artwork is available for pickup at BelArt Gallery in Brussels, Belgium, or it can be delivered to the address of your choice within 2 to 3 weeks after your order is confirmed. The artwork is insured during transportation, so there&#8217;s no risk. Origin: Belgium. &nbsp; Nep&#8216;s L&#8217;Ensemble Est Invariable embodies the spirit of outsider [&hellip;]<\/p>","protected":false},"featured_media":11485,"template":"","meta":{"_acf_changed":false,"inline_featured_image":false,"_monsterinsights_skip_tracking":false,"_monsterinsights_sitenote_active":false,"_monsterinsights_sitenote_note":"","_monsterinsights_sitenote_category":0},"product_brand":[185],"product_cat":[27,36],"product_tag":[117,120,123,169],"department":[],"class_list":{"0":"post-8553","1":"product","2":"type-product","3":"status-publish","4":"has-post-thumbnail","6":"product_brand-nep","7":"product_cat-abstract","8":"product_cat-painting","9":"product_tag-abstract-art","10":"product_tag-art-brut","11":"product_tag-colorful-artwork","12":"product_tag-colors","13":"product_shipping_class-medium","15":"first","16":"instock","17":"sold-individually","18":"shipping-taxable","19":"purchasable","20":"product-type-simple"},"acf":[],"_links":{"self":[{"href":"https:\/\/www.belart-gallery.com\/fr\/wp-json\/wp\/v2\/product\/8553","targetHints":{"allow":["GET"]}}],"collection":[{"href":"https:\/\/www.belart-gallery.com\/fr\/wp-json\/wp\/v2\/product"}],"about":[{"href":"https:\/\/www.belart-gallery.com\/fr\/wp-json\/wp\/v2\/types\/product"}],"wp:featuredmedia":[{"embeddable":true,"href":"https:\/\/www.belart-gallery.com\/fr\/wp-json\/wp\/v2\/media\/11485"}],"wp:attachment":[{"href":"https:\/\/www.belart-gallery.com\/fr\/wp-json\/wp\/v2\/media?parent=8553"}],"wp:term":[{"taxonomy":"product_brand","embeddable":true,"href":"https:\/\/www.belart-gallery.com\/fr\/wp-json\/wp\/v2\/product_brand?post=8553"},{"taxonomy":"product_cat","embeddable":true,"href":"https:\/\/www.belart-gallery.com\/fr\/wp-json\/wp\/v2\/product_cat?post=8553"},{"taxonomy":"product_tag","embeddable":true,"href":"https:\/\/www.belart-gallery.com\/fr\/wp-json\/wp\/v2\/product_tag?post=8553"},{"taxonomy":"department","embeddable":true,"href":"https:\/\/www.belart-gallery.com\/fr\/wp-json\/wp\/v2\/department?post=8553"}],"curies":[{"name":"wp","href":"https:\/\/api.w.org\/{rel}","templated":true}]}}