{"id":8556,"date":"2025-04-28T15:48:40","date_gmt":"2025-04-28T15:48:40","guid":{"rendered":"https:\/\/belart-gallery.com\/product-page\/life\/"},"modified":"2026-02-23T11:08:28","modified_gmt":"2026-02-23T11:08:28","slug":"hamza-abderrahim-life","status":"publish","type":"product","link":"https:\/\/www.belart-gallery.com\/fr\/product-page\/hamza-abderrahim-life\/","title":{"rendered":"Life"},"content":{"rendered":"<div>\n<div>\n<div>\n<div>\n<div>\n<div>\n<p>L'\u0153uvre peut \u00eatre retir\u00e9e \u00e0 la galerie BelArt \u00e0 Bruxelles, Belgique, ou peut \u00eatre livr\u00e9e \u00e0 l'adresse de votre choix dans un d\u00e9lai de 2 \u00e0 3 semaines apr\u00e8s la confirmation de votre commande. L'\u0153uvre est assur\u00e9e pendant le transport, il n'y a donc aucun risque. Origine : Belgique : Belgique.<\/p>\n<p>&nbsp;<\/p>\n<p>&#8220;<a href=\"https:\/\/www.belart-gallery.com\/fr\/hamza-abderrahim\/\">Hamza Abderrahim<\/a>L'\u0153uvre d'art d'Erika M\u00e9lange des \u0153uvres d'art <a href=\"https:\/\/www.belart-gallery.com\/fr\/abstract\/\">abstrait <\/a><a href=\"https:\/\/www.belart-gallery.com\/fr\/calligraphy\/\">calligraphie <\/a>avec un syst\u00e8me complexe <a href=\"https:\/\/www.belart-gallery.com\/fr\/black-white-art-abstract-painting\/\">noir et blanc<\/a> Cette peinture saisissante, disponible dans notre galerie d'art en ligne, offre une interpr\u00e9tation moderne des formes traditionnelles. Cette peinture saisissante, disponible dans notre galerie d'art en ligne, offre une interpr\u00e9tation moderne des formes traditionnelles.<\/p>\n<p>&nbsp;<\/p>\n<p>Vous pouvez acheter cette \u0153uvre d'art originale en toute s\u00e9curit\u00e9 en ligne ou la retirer dans notre galerie d'art \u00e0 Bruxelles. Jetez un coup d'\u0153il \u00e0 notre s\u00e9lection de pi\u00e8ces uniques, parfaites pour s'harmoniser avec diff\u00e9rents styles et apporter une touche sp\u00e9ciale \u00e0 votre int\u00e9rieur.<\/p>\n<\/div>\n<\/div>\n<\/div>\n<div>\n<div>\n<div><\/div>\n<\/div>\n<\/div>\n<\/div>\n<\/div>\n<\/div>","protected":false},"excerpt":{"rendered":"<p>The artwork is available for pickup at BelArt Gallery in Brussels, Belgium, or it can be delivered to the address of your choice within 2 to 3 weeks after your order is confirmed. The artwork is insured during transportation, so there&#8217;s no risk. Origin: Belgium. &nbsp; &#8220;Hamza Abderrahim&#8216;s artwork blends abstract calligraphy with intricate black [&hellip;]<\/p>","protected":false},"featured_media":11618,"template":"","meta":{"_acf_changed":false,"inline_featured_image":false,"_monsterinsights_skip_tracking":false,"_monsterinsights_sitenote_active":false,"_monsterinsights_sitenote_note":"","_monsterinsights_sitenote_category":0},"product_brand":[],"product_cat":[36],"product_tag":[122],"department":[],"class_list":{"0":"post-8556","1":"product","2":"type-product","3":"status-publish","4":"has-post-thumbnail","6":"product_cat-painting","7":"product_tag-calligraphy","8":"product_shipping_class-medium","10":"first","11":"instock","12":"sold-individually","13":"shipping-taxable","14":"purchasable","15":"product-type-simple"},"acf":[],"_links":{"self":[{"href":"https:\/\/www.belart-gallery.com\/fr\/wp-json\/wp\/v2\/product\/8556","targetHints":{"allow":["GET"]}}],"collection":[{"href":"https:\/\/www.belart-gallery.com\/fr\/wp-json\/wp\/v2\/product"}],"about":[{"href":"https:\/\/www.belart-gallery.com\/fr\/wp-json\/wp\/v2\/types\/product"}],"wp:featuredmedia":[{"embeddable":true,"href":"https:\/\/www.belart-gallery.com\/fr\/wp-json\/wp\/v2\/media\/11618"}],"wp:attachment":[{"href":"https:\/\/www.belart-gallery.com\/fr\/wp-json\/wp\/v2\/media?parent=8556"}],"wp:term":[{"taxonomy":"product_brand","embeddable":true,"href":"https:\/\/www.belart-gallery.com\/fr\/wp-json\/wp\/v2\/product_brand?post=8556"},{"taxonomy":"product_cat","embeddable":true,"href":"https:\/\/www.belart-gallery.com\/fr\/wp-json\/wp\/v2\/product_cat?post=8556"},{"taxonomy":"product_tag","embeddable":true,"href":"https:\/\/www.belart-gallery.com\/fr\/wp-json\/wp\/v2\/product_tag?post=8556"},{"taxonomy":"department","embeddable":true,"href":"https:\/\/www.belart-gallery.com\/fr\/wp-json\/wp\/v2\/department?post=8556"}],"curies":[{"name":"wp","href":"https:\/\/api.w.org\/{rel}","templated":true}]}}