{"id":8566,"date":"2025-04-28T15:48:41","date_gmt":"2025-04-28T15:48:41","guid":{"rendered":"https:\/\/belart-gallery.com\/product-page\/passer-par-la\/"},"modified":"2025-12-15T16:14:08","modified_gmt":"2025-12-15T16:14:08","slug":"jazzu-passer-par-la","status":"publish","type":"product","link":"https:\/\/www.belart-gallery.com\/fr\/product-page\/jazzu-passer-par-la\/","title":{"rendered":"Passer par l\u00e0"},"content":{"rendered":"<div>\n<div>\n<div>\n<div>\n<div>\n<div>\n<p>L'\u0153uvre peut \u00eatre retir\u00e9e \u00e0 la galerie BelArt \u00e0 Bruxelles, Belgique, ou peut \u00eatre livr\u00e9e \u00e0 l'adresse de votre choix dans un d\u00e9lai de 2 \u00e0 3 semaines apr\u00e8s la confirmation de votre commande. L'\u0153uvre est assur\u00e9e pendant le transport, il n'y a donc aucun risque. Origine : Belgique : Belgique.<\/p>\n<p>&nbsp;<\/p>\n<p><em>\"Passer par l\u00e0<\/em> par <a href=\"https:\/\/www.belart-gallery.com\/fr\/jazzu\" target=\"_blank\" rel=\"noopener\">Jazzu<\/a> capte imm\u00e9diatement l'attention par son \u00e9nergie ludique et ses figures dynamiques. Trois individus stylis\u00e9s, chacun avec son caract\u00e8re unique, semblent \u00eatre pris dans un moment d'interaction, leurs expressions faisant allusion \u00e0 une histoire partag\u00e9e et non racont\u00e9e. L'utilisation audacieuse et expressive de la couleur contraste magnifiquement avec le fond textur\u00e9, presque parchemin\u00e9, cr\u00e9ant une tension visuelle qui suscite la curiosit\u00e9. Cette \u0153uvre vous invite \u00e0 explorer, \u00e0 d\u00e9coder le r\u00e9cit qui se d\u00e9roule devant vous. La composition, apparemment spontan\u00e9e, est soigneusement \u00e9quilibr\u00e9e, guidant votre regard sur la toile et vous incitant \u00e0 d\u00e9couvrir les couches cach\u00e9es.<\/p>\n<p>Le style de Jazzu, profond\u00e9ment ancr\u00e9 dans l'esprit des <a href=\"https:\/\/www.belart-gallery.com\/fr\/outsider-art\/?Style=Contemporary\" target=\"_blank\" rel=\"noopener\"><strong>l'art de l'outsider<\/strong><\/a>L'\u0153uvre de l'artiste, qui s'inscrit dans la lign\u00e9e de l'art contemporain, d\u00e9borde d'une \u00e9motivit\u00e9 brute et d'une franchise qui parle au c\u0153ur. Les personnages transcendent la simple repr\u00e9sentation et deviennent de puissants arch\u00e9types de l'exp\u00e9rience humaine. Les<a href=\"https:\/\/www.belart-gallery.com\/fr\/colorful-abstract-wall-art-large-modern\" target=\"_blank\" rel=\"noopener\"> <strong>color\u00e9<\/strong> <\/a>La palette de l'artiste renforce l'impact visuel de l'\u0153uvre, cr\u00e9ant un point focal qui vous attire et vous invite \u00e0 une r\u00e9flexion plus approfondie. La main de l'artiste est \u00e9vidente dans chaque trait, insufflant \u00e0 l'\u0153uvre une authenticit\u00e9 qui r\u00e9sonne profond\u00e9ment.<\/p>\n<p>&nbsp;<\/p>\n<p>Curieux d'en savoir plus ? Plongez dans <a href=\"https:\/\/www.belart-gallery.com\/fr\/jazzu\" target=\"_blank\" rel=\"noopener\">Jazzu<\/a>D\u00e9couvrez leur vision artistique unique et leurs th\u00e8mes r\u00e9currents de transformation, de connexion humaine et d'exploration ludique. D\u00e9couvrez comment chaque \u0153uvre transforme une \u00e9motion brute en un art puissant et stimulant qui s'adresse \u00e0 la fois \u00e0 l'\u0153il et \u00e0 l'\u00e2me.<\/p>\n<p>&nbsp;<\/p>\n<p>Vous pouvez acheter cette \u0153uvre d'art originale en toute s\u00e9curit\u00e9 en ligne ou la retirer dans notre galerie d'art \u00e0 Bruxelles. Jetez un coup d'\u0153il \u00e0 notre s\u00e9lection de pi\u00e8ces uniques, parfaites pour s'harmoniser avec diff\u00e9rents styles et apporter une touche sp\u00e9ciale \u00e0 votre int\u00e9rieur.<\/p>\n<\/div>\n<\/div>\n<\/div>\n<div>\n<div>\n<div><\/div>\n<\/div>\n<\/div>\n<\/div>\n<\/div>\n<\/div>","protected":false},"excerpt":{"rendered":"<p>The artwork is available for pickup at BelArt Gallery in Brussels, Belgium, or it can be delivered to the address of your choice within 2 to 3 weeks after your order is confirmed. The artwork is insured during transportation, so there&#8217;s no risk. Origin: Belgium. &nbsp; &#8220;Passer par l\u00e0&#8221; by Jazzu immediately captures your attention [&hellip;]<\/p>","protected":false},"featured_media":5524,"template":"","meta":{"_acf_changed":false,"inline_featured_image":false,"_monsterinsights_skip_tracking":false,"_monsterinsights_sitenote_active":false,"_monsterinsights_sitenote_note":"","_monsterinsights_sitenote_category":0},"product_brand":[195],"product_cat":[167,33,36],"product_tag":[123,169,168,134,170],"department":[],"class_list":{"0":"post-8566","1":"product","2":"type-product","3":"status-publish","4":"has-post-thumbnail","6":"product_brand-jazzu","7":"product_cat-figurative","8":"product_cat-outsider-art","9":"product_cat-painting","10":"product_tag-colorful-artwork","11":"product_tag-colors","12":"product_tag-friends","13":"product_tag-portrait","14":"product_tag-text","15":"product_shipping_class-large","17":"first","18":"outofstock","19":"shipping-taxable","20":"purchasable","21":"product-type-simple"},"acf":[],"_links":{"self":[{"href":"https:\/\/www.belart-gallery.com\/fr\/wp-json\/wp\/v2\/product\/8566","targetHints":{"allow":["GET"]}}],"collection":[{"href":"https:\/\/www.belart-gallery.com\/fr\/wp-json\/wp\/v2\/product"}],"about":[{"href":"https:\/\/www.belart-gallery.com\/fr\/wp-json\/wp\/v2\/types\/product"}],"wp:featuredmedia":[{"embeddable":true,"href":"https:\/\/www.belart-gallery.com\/fr\/wp-json\/wp\/v2\/media\/5524"}],"wp:attachment":[{"href":"https:\/\/www.belart-gallery.com\/fr\/wp-json\/wp\/v2\/media?parent=8566"}],"wp:term":[{"taxonomy":"product_brand","embeddable":true,"href":"https:\/\/www.belart-gallery.com\/fr\/wp-json\/wp\/v2\/product_brand?post=8566"},{"taxonomy":"product_cat","embeddable":true,"href":"https:\/\/www.belart-gallery.com\/fr\/wp-json\/wp\/v2\/product_cat?post=8566"},{"taxonomy":"product_tag","embeddable":true,"href":"https:\/\/www.belart-gallery.com\/fr\/wp-json\/wp\/v2\/product_tag?post=8566"},{"taxonomy":"department","embeddable":true,"href":"https:\/\/www.belart-gallery.com\/fr\/wp-json\/wp\/v2\/department?post=8566"}],"curies":[{"name":"wp","href":"https:\/\/api.w.org\/{rel}","templated":true}]}}