{"id":8571,"date":"2025-04-28T15:48:42","date_gmt":"2025-04-28T15:48:42","guid":{"rendered":"https:\/\/belart-gallery.com\/product-page\/source\/"},"modified":"2025-10-05T19:38:44","modified_gmt":"2025-10-05T19:38:44","slug":"source","status":"publish","type":"product","link":"https:\/\/www.belart-gallery.com\/fr\/product-page\/source\/","title":{"rendered":"Source"},"content":{"rendered":"<div>\n<div>\n<div>\n<div>\n<div>\n<div>\n<p>L'\u0153uvre peut \u00eatre retir\u00e9e \u00e0 la galerie BelArt \u00e0 Bruxelles, Belgique, ou peut \u00eatre livr\u00e9e \u00e0 l'adresse de votre choix dans un d\u00e9lai de 2 \u00e0 3 semaines apr\u00e8s la confirmation de votre commande. L'\u0153uvre est assur\u00e9e pendant le transport, il n'y a donc aucun risque. Origine : Belgique : Belgique.<\/p>\n<p>&nbsp;<\/p>\n<p>Le pr\u00e9sent <a href=\"https:\/\/www.belart-gallery.com\/fr\/abstract\/\" target=\"_blank\" rel=\"noopener\">abstrait<\/a> <a href=\"https:\/\/www.belart-gallery.com\/fr\/painting\/\" target=\"_blank\" rel=\"noopener\">peinture<\/a> par <a href=\"https:\/\/www.belart-gallery.com\/fr\/saloua-sarhiri-art\/\" target=\"_blank\" rel=\"noopener\">Saloua Sarhiri<\/a> blends earthy tones with expressive brushstrokes, evoking a sense of movement and depth. Its organic composition makes it a captivating choice for collectors seeking original artworks online.<\/p>\n<p>&nbsp;<\/p>\n<p>Vous pouvez acheter cette \u0153uvre d'art originale en toute s\u00e9curit\u00e9 en ligne ou la retirer dans notre galerie d'art \u00e0 Bruxelles. Jetez un coup d'\u0153il \u00e0 notre s\u00e9lection de pi\u00e8ces uniques, parfaites pour s'harmoniser avec diff\u00e9rents styles et apporter une touche sp\u00e9ciale \u00e0 votre int\u00e9rieur.<\/p>\n<\/div>\n<\/div>\n<\/div>\n<div>\n<div>\n<div><\/div>\n<\/div>\n<\/div>\n<\/div>\n<\/div>\n<\/div>","protected":false},"excerpt":{"rendered":"<p>The artwork is available for pickup at BelArt Gallery in Brussels, Belgium, or it can be delivered to the address of your choice within 2 to 3 weeks after your order is confirmed. The artwork is insured during transportation, so there&#8217;s no risk. Origin: Belgium. &nbsp; This abstract painting by Saloua Sarhiri blends earthy tones [&hellip;]<\/p>","protected":false},"featured_media":11541,"template":"","meta":{"_acf_changed":false,"inline_featured_image":false,"_monsterinsights_skip_tracking":false,"_monsterinsights_sitenote_active":false,"_monsterinsights_sitenote_note":"","_monsterinsights_sitenote_category":0},"product_brand":[286],"product_cat":[27,36],"product_tag":[117,131,139],"department":[],"class_list":{"0":"post-8571","1":"product","2":"type-product","3":"status-publish","4":"has-post-thumbnail","6":"product_brand-saloua-sarhiri","7":"product_cat-abstract","8":"product_cat-painting","9":"product_tag-abstract-art","10":"product_tag-minimalism","11":"product_tag-textured-art","12":"product_shipping_class-medium","14":"first","15":"instock","16":"sold-individually","17":"shipping-taxable","18":"purchasable","19":"product-type-simple"},"acf":[],"_links":{"self":[{"href":"https:\/\/www.belart-gallery.com\/fr\/wp-json\/wp\/v2\/product\/8571","targetHints":{"allow":["GET"]}}],"collection":[{"href":"https:\/\/www.belart-gallery.com\/fr\/wp-json\/wp\/v2\/product"}],"about":[{"href":"https:\/\/www.belart-gallery.com\/fr\/wp-json\/wp\/v2\/types\/product"}],"wp:featuredmedia":[{"embeddable":true,"href":"https:\/\/www.belart-gallery.com\/fr\/wp-json\/wp\/v2\/media\/11541"}],"wp:attachment":[{"href":"https:\/\/www.belart-gallery.com\/fr\/wp-json\/wp\/v2\/media?parent=8571"}],"wp:term":[{"taxonomy":"product_brand","embeddable":true,"href":"https:\/\/www.belart-gallery.com\/fr\/wp-json\/wp\/v2\/product_brand?post=8571"},{"taxonomy":"product_cat","embeddable":true,"href":"https:\/\/www.belart-gallery.com\/fr\/wp-json\/wp\/v2\/product_cat?post=8571"},{"taxonomy":"product_tag","embeddable":true,"href":"https:\/\/www.belart-gallery.com\/fr\/wp-json\/wp\/v2\/product_tag?post=8571"},{"taxonomy":"department","embeddable":true,"href":"https:\/\/www.belart-gallery.com\/fr\/wp-json\/wp\/v2\/department?post=8571"}],"curies":[{"name":"wp","href":"https:\/\/api.w.org\/{rel}","templated":true}]}}