{"id":8576,"date":"2025-04-28T15:48:43","date_gmt":"2025-04-28T15:48:43","guid":{"rendered":"https:\/\/belart-gallery.com\/product-page\/champs\/"},"modified":"2025-10-16T15:50:48","modified_gmt":"2025-10-16T15:50:48","slug":"sophie-dumont-champs","status":"publish","type":"product","link":"https:\/\/www.belart-gallery.com\/fr\/product-page\/sophie-dumont-champs\/","title":{"rendered":"Champs"},"content":{"rendered":"<div>\n<div>\n<div>\n<div>\n<div>\n<div>\n<p>The artwork(Champs by Sophie Dumont)is available for pickup at BelArt Gallery in Brussels, Belgium, or it can be delivered to the address of your choice within 2 to 3 weeks after your order is confirmed. The artwork is insured during transportation, so there&#8217;s no risk. Origin: Belgium.<\/p>\n<p>Le pr\u00e9sent <a href=\"https:\/\/www.belart-gallery.com\/fr\/abstract\/\" target=\"_blank\" rel=\"noopener\">abstrait<\/a> <a href=\"https:\/\/www.belart-gallery.com\/fr\/painting\/\" target=\"_blank\" rel=\"noopener\">peinture<\/a> par <a href=\"https:\/\/www.belart-gallery.com\/fr\/sophie-dumont-art\/\" target=\"_blank\" rel=\"noopener\">Sophie Dumon<\/a>t captive par sa palette de couleurs douces et ses formes fluides, offrant une exp\u00e9rience visuelle \u00e0 la fois sereine et dynamique. Ses coups de pinceau d\u00e9licats et sa composition r\u00e9fl\u00e9chie en font un compl\u00e9ment id\u00e9al pour les collectionneurs qui cherchent \u00e0 acheter des \u0153uvres d'art originales en ligne.<\/p>\n<p>Vous pouvez acheter cette \u0153uvre d'art originale en toute s\u00e9curit\u00e9 en ligne ou la retirer dans notre galerie d'art \u00e0 Bruxelles. Jetez un coup d'\u0153il \u00e0 notre s\u00e9lection de pi\u00e8ces uniques, parfaites pour s'harmoniser avec diff\u00e9rents styles et apporter une touche sp\u00e9ciale \u00e0 votre int\u00e9rieur.<\/p>\n<\/div>\n<\/div>\n<\/div>\n<\/div>\n<\/div>\n<\/div>","protected":false},"excerpt":{"rendered":"<p>The artwork(Champs by Sophie Dumont)is available for pickup at BelArt Gallery in Brussels, Belgium, or it can be delivered to the address of your choice within 2 to 3 weeks after your order is confirmed. The artwork is insured during transportation, so there&#8217;s no risk. Origin: Belgium. This abstract painting by Sophie Dumont captivates with [&hellip;]<\/p>","protected":false},"featured_media":5584,"template":"","meta":{"_acf_changed":false,"inline_featured_image":false,"_monsterinsights_skip_tracking":false,"_monsterinsights_sitenote_active":false,"_monsterinsights_sitenote_note":"","_monsterinsights_sitenote_category":0},"product_brand":[180],"product_cat":[27,36],"product_tag":[117,129,244],"department":[],"class_list":{"0":"post-8576","1":"product","2":"type-product","3":"status-publish","4":"has-post-thumbnail","6":"product_brand-sophie-dumont","7":"product_cat-abstract","8":"product_cat-painting","9":"product_tag-abstract-art","10":"product_tag-landscape-artwork","11":"product_tag-nature","12":"product_shipping_class-small","14":"first","15":"instock","16":"sold-individually","17":"shipping-taxable","18":"purchasable","19":"product-type-simple"},"acf":[],"_links":{"self":[{"href":"https:\/\/www.belart-gallery.com\/fr\/wp-json\/wp\/v2\/product\/8576","targetHints":{"allow":["GET"]}}],"collection":[{"href":"https:\/\/www.belart-gallery.com\/fr\/wp-json\/wp\/v2\/product"}],"about":[{"href":"https:\/\/www.belart-gallery.com\/fr\/wp-json\/wp\/v2\/types\/product"}],"wp:featuredmedia":[{"embeddable":true,"href":"https:\/\/www.belart-gallery.com\/fr\/wp-json\/wp\/v2\/media\/5584"}],"wp:attachment":[{"href":"https:\/\/www.belart-gallery.com\/fr\/wp-json\/wp\/v2\/media?parent=8576"}],"wp:term":[{"taxonomy":"product_brand","embeddable":true,"href":"https:\/\/www.belart-gallery.com\/fr\/wp-json\/wp\/v2\/product_brand?post=8576"},{"taxonomy":"product_cat","embeddable":true,"href":"https:\/\/www.belart-gallery.com\/fr\/wp-json\/wp\/v2\/product_cat?post=8576"},{"taxonomy":"product_tag","embeddable":true,"href":"https:\/\/www.belart-gallery.com\/fr\/wp-json\/wp\/v2\/product_tag?post=8576"},{"taxonomy":"department","embeddable":true,"href":"https:\/\/www.belart-gallery.com\/fr\/wp-json\/wp\/v2\/department?post=8576"}],"curies":[{"name":"wp","href":"https:\/\/api.w.org\/{rel}","templated":true}]}}