{"id":8577,"date":"2025-04-28T15:48:43","date_gmt":"2025-04-28T15:48:43","guid":{"rendered":"https:\/\/belart-gallery.com\/product-page\/les-livres-blancs\/"},"modified":"2026-01-29T01:17:00","modified_gmt":"2026-01-29T01:17:00","slug":"sophie-dumont-les-livres-blancs","status":"publish","type":"product","link":"https:\/\/www.belart-gallery.com\/fr\/product-page\/sophie-dumont-les-livres-blancs\/","title":{"rendered":"Les livres blancs"},"content":{"rendered":"<div>\n<div>\n<div>\n<div>\n<div>\n<div>\n<p>The artwork(Les livres blancs by Sophie Dumont)is available for pickup at BelArt Gallery in Brussels, Belgium, or it can be delivered to the address of your choice within 2 to 3 weeks after your order is confirmed. The artwork is insured during transportation, so there&#8217;s no risk. Origin: Belgium.<\/p>\n<p><a href=\"https:\/\/www.belart-gallery.com\/fr\/sophie-dumont-art\/\" target=\"_blank\" rel=\"noopener\">Sophie Dumont<\/a>\u2019s &#8220;Library&#8221; is a striking <strong><a href=\"https:\/\/www.belart-gallery.com\/fr\/abstract\/\" target=\"_blank\" rel=\"noopener\">abstrait<\/a> <a href=\"https:\/\/www.belart-gallery.com\/fr\/black-white-art-abstract-painting\/\" target=\"_blank\" rel=\"noopener\">noir et blanc<\/a> <a href=\"https:\/\/www.belart-gallery.com\/fr\/painting\/\" target=\"_blank\" rel=\"noopener\">peinture<\/a><\/strong> that plays with textures and depth. The dynamic contrasts of light and shadow bring a bold, contemporary feel, perfect for collectors seeking <strong>original artworks<\/strong> in <strong>online art galleries<\/strong>.<\/p>\n<p>Vous pouvez acheter cette \u0153uvre d'art originale en toute s\u00e9curit\u00e9 en ligne ou la retirer dans notre galerie d'art \u00e0 Bruxelles. Jetez un coup d'\u0153il \u00e0 notre s\u00e9lection de pi\u00e8ces uniques, parfaites pour s'harmoniser avec diff\u00e9rents styles et apporter une touche sp\u00e9ciale \u00e0 votre int\u00e9rieur.<\/p>\n<\/div>\n<\/div>\n<\/div>\n<div>\n<div>\n<div><\/div>\n<\/div>\n<\/div>\n<\/div>\n<\/div>\n<\/div>","protected":false},"excerpt":{"rendered":"<p>The artwork(Les livres blancs by Sophie Dumont)is available for pickup at BelArt Gallery in Brussels, Belgium, or it can be delivered to the address of your choice within 2 to 3 weeks after your order is confirmed. The artwork is insured during transportation, so there&#8217;s no risk. Origin: Belgium. Sophie Dumont\u2019s &#8220;Library&#8221; is a striking [&hellip;]<\/p>","protected":false},"featured_media":10634,"template":"","meta":{"_acf_changed":false,"inline_featured_image":false,"_monsterinsights_skip_tracking":false,"_monsterinsights_sitenote_active":false,"_monsterinsights_sitenote_note":"","_monsterinsights_sitenote_category":0},"product_brand":[180],"product_cat":[27,167,36],"product_tag":[117,245,126,246],"department":[],"class_list":{"0":"post-8577","1":"product","2":"type-product","3":"status-publish","4":"has-post-thumbnail","6":"product_brand-sophie-dumont","7":"product_cat-abstract","8":"product_cat-figurative","9":"product_cat-painting","10":"product_tag-abstract-art","11":"product_tag-books","12":"product_tag-figurative","13":"product_tag-library","14":"product_shipping_class-medium","16":"first","17":"instock","18":"sold-individually","19":"shipping-taxable","20":"purchasable","21":"product-type-simple"},"acf":[],"_links":{"self":[{"href":"https:\/\/www.belart-gallery.com\/fr\/wp-json\/wp\/v2\/product\/8577","targetHints":{"allow":["GET"]}}],"collection":[{"href":"https:\/\/www.belart-gallery.com\/fr\/wp-json\/wp\/v2\/product"}],"about":[{"href":"https:\/\/www.belart-gallery.com\/fr\/wp-json\/wp\/v2\/types\/product"}],"wp:featuredmedia":[{"embeddable":true,"href":"https:\/\/www.belart-gallery.com\/fr\/wp-json\/wp\/v2\/media\/10634"}],"wp:attachment":[{"href":"https:\/\/www.belart-gallery.com\/fr\/wp-json\/wp\/v2\/media?parent=8577"}],"wp:term":[{"taxonomy":"product_brand","embeddable":true,"href":"https:\/\/www.belart-gallery.com\/fr\/wp-json\/wp\/v2\/product_brand?post=8577"},{"taxonomy":"product_cat","embeddable":true,"href":"https:\/\/www.belart-gallery.com\/fr\/wp-json\/wp\/v2\/product_cat?post=8577"},{"taxonomy":"product_tag","embeddable":true,"href":"https:\/\/www.belart-gallery.com\/fr\/wp-json\/wp\/v2\/product_tag?post=8577"},{"taxonomy":"department","embeddable":true,"href":"https:\/\/www.belart-gallery.com\/fr\/wp-json\/wp\/v2\/department?post=8577"}],"curies":[{"name":"wp","href":"https:\/\/api.w.org\/{rel}","templated":true}]}}