{"id":8647,"date":"2025-04-28T15:48:57","date_gmt":"2025-04-28T15:48:57","guid":{"rendered":"https:\/\/belart-gallery.com\/product-page\/obsidian-dream\/"},"modified":"2025-06-23T13:30:49","modified_gmt":"2025-06-23T13:30:49","slug":"belart-collective-black-panther","status":"publish","type":"product","link":"https:\/\/www.belart-gallery.com\/fr\/product-page\/belart-collective-black-panther\/","title":{"rendered":"Obsidian Dream &#8211; gestural abstract black painting"},"content":{"rendered":"<p>L'\u0153uvre peut \u00eatre retir\u00e9e \u00e0 la galerie BelArt \u00e0 Bruxelles, Belgique, ou peut \u00eatre livr\u00e9e \u00e0 l'adresse de votre choix dans un d\u00e9lai de 2 \u00e0 3 semaines apr\u00e8s la confirmation de votre commande. L'\u0153uvre est assur\u00e9e pendant le transport, il n'y a donc aucun risque. Origine : Belgique : Belgique.<\/p>\n<p>&nbsp;<\/p>\n<p>Obsidian Dream is a powerful painting that is inspired by the unique beauty of the obsidian rock found in volcanic areas. This painting is created with full black brushstrokes that bring to life the dark, deep and mysterious nature of the obsidian.<\/p>\n<p>At first glance, the painting appears to be a simple black canvas. However, upon closer inspection, the brushstrokes reveal the texture and layers of depth that make this painting so special. The thick black strokes create a sense of movement and energy, much like the flow of molten lava from a volcanic eruption.<\/p>\n<p>As one continues to gaze at the painting, it is easy to become lost in the depths of the obsidian. The glossy black finish of the obsidian rock is mirrored in the shine of the paint, giving a sense of life and energy that is hard to resist.<\/p>","protected":false},"excerpt":{"rendered":"<p>The artwork is available for pickup at BelArt Gallery in Brussels, Belgium, or it can be delivered to the address of your choice within 2 to 3 weeks after your order is confirmed. The artwork is insured during transportation, so there&#8217;s no risk. Origin: Belgium. &nbsp; Obsidian Dream is a powerful painting that is inspired [&hellip;]<\/p>","protected":false},"featured_media":10616,"template":"","meta":{"_acf_changed":false,"inline_featured_image":false,"_monsterinsights_skip_tracking":false,"_monsterinsights_sitenote_active":false,"_monsterinsights_sitenote_note":"","_monsterinsights_sitenote_category":0},"product_brand":[],"product_cat":[27,36],"product_tag":[117],"department":[],"class_list":{"0":"post-8647","1":"product","2":"type-product","3":"status-publish","4":"has-post-thumbnail","6":"product_cat-abstract","7":"product_cat-painting","8":"product_tag-abstract-art","9":"product_shipping_class-medium","11":"first","12":"instock","13":"sold-individually","14":"shipping-taxable","15":"purchasable","16":"product-type-simple"},"acf":[],"_links":{"self":[{"href":"https:\/\/www.belart-gallery.com\/fr\/wp-json\/wp\/v2\/product\/8647","targetHints":{"allow":["GET"]}}],"collection":[{"href":"https:\/\/www.belart-gallery.com\/fr\/wp-json\/wp\/v2\/product"}],"about":[{"href":"https:\/\/www.belart-gallery.com\/fr\/wp-json\/wp\/v2\/types\/product"}],"wp:featuredmedia":[{"embeddable":true,"href":"https:\/\/www.belart-gallery.com\/fr\/wp-json\/wp\/v2\/media\/10616"}],"wp:attachment":[{"href":"https:\/\/www.belart-gallery.com\/fr\/wp-json\/wp\/v2\/media?parent=8647"}],"wp:term":[{"taxonomy":"product_brand","embeddable":true,"href":"https:\/\/www.belart-gallery.com\/fr\/wp-json\/wp\/v2\/product_brand?post=8647"},{"taxonomy":"product_cat","embeddable":true,"href":"https:\/\/www.belart-gallery.com\/fr\/wp-json\/wp\/v2\/product_cat?post=8647"},{"taxonomy":"product_tag","embeddable":true,"href":"https:\/\/www.belart-gallery.com\/fr\/wp-json\/wp\/v2\/product_tag?post=8647"},{"taxonomy":"department","embeddable":true,"href":"https:\/\/www.belart-gallery.com\/fr\/wp-json\/wp\/v2\/department?post=8647"}],"curies":[{"name":"wp","href":"https:\/\/api.w.org\/{rel}","templated":true}]}}