{"id":9230,"date":"2025-05-26T13:35:50","date_gmt":"2025-05-26T13:35:50","guid":{"rendered":"https:\/\/belart-gallery.com\/product-page\/7-personnages-skate-park\/"},"modified":"2025-07-21T17:51:35","modified_gmt":"2025-07-21T17:51:35","slug":"7-personnages-skate-park","status":"publish","type":"product","link":"https:\/\/www.belart-gallery.com\/fr\/product-page\/7-personnages-skate-park\/","title":{"rendered":"7 personnages skate park"},"content":{"rendered":"<div>\n<div>\n<div>\n<div>\n<div>\n<div>\n<p>L'\u0153uvre peut \u00eatre retir\u00e9e \u00e0 la galerie BelArt \u00e0 Bruxelles, Belgique, ou peut \u00eatre livr\u00e9e \u00e0 l'adresse de votre choix dans un d\u00e9lai de 2 \u00e0 3 semaines apr\u00e8s la confirmation de votre commande. L'\u0153uvre est assur\u00e9e pendant le transport, il n'y a donc aucun risque. Origine : Belgique : Belgique.<\/p>\n<p>&nbsp;<\/p>\n<p>This artwork vividly captures a dynamic skate park scene under a clear blue sky. In the foreground, a skateboarder gracefully balances on the edge of a concrete bowl, poised and focused, with their shadow dramatically cast below, amplifying the sense of motion. Two observers stand nearby, casually engaged, embodying the relaxed energy of the skate culture. One holds a skateboard, hinting at anticipation or reflection of their own skateboarding moments. The background, softened by artistic depth, features minimalistic urban elements and trees that suggest an open, coastal environment. The composition&#8217;s use of light and shadow adds depth and realism, subtly guiding the viewer&#8217;s eye across the scene. This painting stands out for its ability to encapsulate both the intensity and camaraderie inherent in skateboarding, capturing a fleeting yet powerful moment.<\/p>\n<\/div>\n<\/div>\n<\/div>\n<div>\n<div>\n<div><\/div>\n<\/div>\n<\/div>\n<\/div>\n<\/div>\n<\/div>","protected":false},"excerpt":{"rendered":"<p>The artwork is available for pickup at BelArt Gallery in Brussels, Belgium, or it can be delivered to the address of your choice within 2 to 3 weeks after your order is confirmed. The artwork is insured during transportation, so there&#8217;s no risk. Origin: Belgium. &nbsp; This artwork vividly captures a dynamic skate park scene [&hellip;]<\/p>","protected":false},"featured_media":9229,"template":"","meta":{"_acf_changed":false,"inline_featured_image":false,"_monsterinsights_skip_tracking":false,"_monsterinsights_sitenote_active":false,"_monsterinsights_sitenote_note":"","_monsterinsights_sitenote_category":0},"product_brand":[256],"product_cat":[36],"product_tag":[],"department":[],"class_list":{"0":"post-9230","1":"product","2":"type-product","3":"status-publish","4":"has-post-thumbnail","6":"product_brand-karine-bartoli","7":"product_cat-painting","8":"product_shipping_class-medium","10":"first","11":"instock","12":"sold-individually","13":"shipping-taxable","14":"purchasable","15":"product-type-simple"},"acf":[],"_links":{"self":[{"href":"https:\/\/www.belart-gallery.com\/fr\/wp-json\/wp\/v2\/product\/9230","targetHints":{"allow":["GET"]}}],"collection":[{"href":"https:\/\/www.belart-gallery.com\/fr\/wp-json\/wp\/v2\/product"}],"about":[{"href":"https:\/\/www.belart-gallery.com\/fr\/wp-json\/wp\/v2\/types\/product"}],"wp:featuredmedia":[{"embeddable":true,"href":"https:\/\/www.belart-gallery.com\/fr\/wp-json\/wp\/v2\/media\/9229"}],"wp:attachment":[{"href":"https:\/\/www.belart-gallery.com\/fr\/wp-json\/wp\/v2\/media?parent=9230"}],"wp:term":[{"taxonomy":"product_brand","embeddable":true,"href":"https:\/\/www.belart-gallery.com\/fr\/wp-json\/wp\/v2\/product_brand?post=9230"},{"taxonomy":"product_cat","embeddable":true,"href":"https:\/\/www.belart-gallery.com\/fr\/wp-json\/wp\/v2\/product_cat?post=9230"},{"taxonomy":"product_tag","embeddable":true,"href":"https:\/\/www.belart-gallery.com\/fr\/wp-json\/wp\/v2\/product_tag?post=9230"},{"taxonomy":"department","embeddable":true,"href":"https:\/\/www.belart-gallery.com\/fr\/wp-json\/wp\/v2\/department?post=9230"}],"curies":[{"name":"wp","href":"https:\/\/api.w.org\/{rel}","templated":true}]}}