{"id":9242,"date":"2025-05-26T13:36:19","date_gmt":"2025-05-26T13:36:19","guid":{"rendered":"https:\/\/belart-gallery.com\/product-page\/avoir-les-ondes-positives\/"},"modified":"2025-05-28T14:18:10","modified_gmt":"2025-05-28T14:18:10","slug":"avoir-les-ondes-positives","status":"publish","type":"product","link":"https:\/\/www.belart-gallery.com\/fr\/product-page\/avoir-les-ondes-positives\/","title":{"rendered":"Avoir les ondes positives"},"content":{"rendered":"<div>\n<div>\n<div>\n<div>\n<div>\n<div>\n<p>L'\u0153uvre peut \u00eatre retir\u00e9e \u00e0 la galerie BelArt \u00e0 Bruxelles, Belgique, ou peut \u00eatre livr\u00e9e \u00e0 l'adresse de votre choix dans un d\u00e9lai de 2 \u00e0 3 semaines apr\u00e8s la confirmation de votre commande. L'\u0153uvre est assur\u00e9e pendant le transport, il n'y a donc aucun risque. Origine : Belgique : Belgique.<\/p>\n<p>Cette \u0153uvre d'art saisissante, qui rappelle l'expressionnisme abstrait et l'art de la rue, met en sc\u00e8ne deux figures abstraites. La figure de gauche est peinte dans des tons violets et rouges profonds, exsudant un sentiment de complexit\u00e9 ombrag\u00e9e, tandis que la figure de droite contraste avec des teintes vibrantes d'orange et de bleu, apportant une \u00e9nergie dynamique \u00e0 la toile. Les deux personnages sont dot\u00e9s d'un visage expressif et de membres allong\u00e9s, leurs formes \u00e9tant soulign\u00e9es par des lignes \u00e9paisses et audacieuses. Des textes et des symboles intercal\u00e9s ajoutent des couches d'intrigue, invitant les spectateurs \u00e0 plonger dans le r\u00e9cit tiss\u00e9 par l'artiste. L'arri\u00e8re-plan, un m\u00e9lange chaotique de roses et de bleus pastel, sert \u00e0 mettre en valeur les personnages, cr\u00e9ant un sentiment de mouvement et d'\u00e9motion. Cette \u0153uvre captive par son intensit\u00e9 brute et sa composition qui incite \u00e0 la r\u00e9flexion, refl\u00e9tant l'exploration de l'identit\u00e9 et de l'\u00e9motion par l'artiste.<\/p>\n<p>D\u00e9couvrez l'inspiration et le processus de l'artiste en vous plongeant dans sa collection. Chaque pi\u00e8ce offre un aper\u00e7u unique de leur univers cr\u00e9atif, o\u00f9 la couleur et la forme s'unissent pour cr\u00e9er des \u0153uvres \u00e0 la fois attrayantes et m\u00e9morables.<\/p>\n<\/div>\n<\/div>\n<\/div>\n<div>\n<div>\n<div><\/div>\n<\/div>\n<\/div>\n<\/div>\n<\/div>\n<\/div>","protected":false},"excerpt":{"rendered":"<p>The artwork is available for pickup at BelArt Gallery in Brussels, Belgium, or it can be delivered to the address of your choice within 2 to 3 weeks after your order is confirmed. The artwork is insured during transportation, so there&#8217;s no risk. Origin: Belgium. Exclusive to Belart Gallery.This striking artwork, reminiscent of abstract expressionism [&hellip;]<\/p>","protected":false},"featured_media":9241,"template":"","meta":{"_acf_changed":false,"inline_featured_image":false,"_monsterinsights_skip_tracking":false,"_monsterinsights_sitenote_active":false,"_monsterinsights_sitenote_note":"","_monsterinsights_sitenote_category":0},"product_brand":[195],"product_cat":[33,167],"product_tag":[169,168,170],"department":[],"class_list":{"0":"post-9242","1":"product","2":"type-product","3":"status-publish","4":"has-post-thumbnail","6":"product_brand-jazzu","7":"product_cat-outsider-art","8":"product_cat-figurative","9":"product_tag-colors","10":"product_tag-friends","11":"product_tag-text","12":"product_shipping_class-large","14":"first","15":"instock","16":"shipping-taxable","17":"purchasable","18":"product-type-simple"},"acf":[],"_links":{"self":[{"href":"https:\/\/www.belart-gallery.com\/fr\/wp-json\/wp\/v2\/product\/9242","targetHints":{"allow":["GET"]}}],"collection":[{"href":"https:\/\/www.belart-gallery.com\/fr\/wp-json\/wp\/v2\/product"}],"about":[{"href":"https:\/\/www.belart-gallery.com\/fr\/wp-json\/wp\/v2\/types\/product"}],"version-history":[{"count":1,"href":"https:\/\/www.belart-gallery.com\/fr\/wp-json\/wp\/v2\/product\/9242\/revisions"}],"predecessor-version":[{"id":9963,"href":"https:\/\/www.belart-gallery.com\/fr\/wp-json\/wp\/v2\/product\/9242\/revisions\/9963"}],"wp:featuredmedia":[{"embeddable":true,"href":"https:\/\/www.belart-gallery.com\/fr\/wp-json\/wp\/v2\/media\/9241"}],"wp:attachment":[{"href":"https:\/\/www.belart-gallery.com\/fr\/wp-json\/wp\/v2\/media?parent=9242"}],"wp:term":[{"taxonomy":"product_brand","embeddable":true,"href":"https:\/\/www.belart-gallery.com\/fr\/wp-json\/wp\/v2\/product_brand?post=9242"},{"taxonomy":"product_cat","embeddable":true,"href":"https:\/\/www.belart-gallery.com\/fr\/wp-json\/wp\/v2\/product_cat?post=9242"},{"taxonomy":"product_tag","embeddable":true,"href":"https:\/\/www.belart-gallery.com\/fr\/wp-json\/wp\/v2\/product_tag?post=9242"},{"taxonomy":"department","embeddable":true,"href":"https:\/\/www.belart-gallery.com\/fr\/wp-json\/wp\/v2\/department?post=9242"}],"curies":[{"name":"wp","href":"https:\/\/api.w.org\/{rel}","templated":true}]}}