{"id":9252,"date":"2025-05-26T13:36:34","date_gmt":"2025-05-26T13:36:34","guid":{"rendered":"https:\/\/belart-gallery.com\/product-page\/sublimer-linstant-present\/"},"modified":"2025-11-18T10:00:17","modified_gmt":"2025-11-18T10:00:17","slug":"sublimer-linstant-present","status":"publish","type":"product","link":"https:\/\/www.belart-gallery.com\/fr\/product-page\/sublimer-linstant-present\/","title":{"rendered":"Sublimer l&#8217;instant pr\u00e9sent"},"content":{"rendered":"<div>\n<div>\n<div>\n<div>\n<div>\n<div>\n<p>L'\u0153uvre peut \u00eatre retir\u00e9e \u00e0 la galerie BelArt \u00e0 Bruxelles, Belgique, ou peut \u00eatre livr\u00e9e \u00e0 l'adresse de votre choix dans un d\u00e9lai de 2 \u00e0 3 semaines apr\u00e8s la confirmation de votre commande. L'\u0153uvre est assur\u00e9e pendant le transport, il n'y a donc aucun risque. Origine : Belgique : Belgique.<\/p>\n<p>Exclusive to Belart Gallery.This vibrant artwork is a bold exploration of color and form, fusing elements of street art with abstract expressionism. Three figures, rendered in a dynamic mix of blues, yellows, and grays, dominate the canvas. Their exaggerated, cartoonish features convey a playful yet intense narrative. The background is a chaotic tapestry of scribbled words and symbols, adding layers of meaning and intrigue. Phrases like &#8220;A LA VIDA LOCA&#8221; and &#8220;BLA BLA BLA&#8221; punctuate the scene, suggesting themes of chaos and conversation. The juxtaposition of colors and shapes creates a sense of movement and energy, inviting viewers to engage deeply with the piece. The artwork&#8217;s graffiti-like style, coupled with its vibrant palette, underscores its contemporary edge, making it a striking commentary on modern life.<\/p>\n<p>D\u00e9couvrez l'inspiration et le processus de l'artiste en vous plongeant dans sa collection. Chaque pi\u00e8ce offre un aper\u00e7u unique de leur univers cr\u00e9atif, o\u00f9 la couleur et la forme s'unissent pour cr\u00e9er des \u0153uvres \u00e0 la fois attrayantes et m\u00e9morables.<\/p>\n<\/div>\n<\/div>\n<\/div>\n<div>\n<div>\n<div><\/div>\n<\/div>\n<\/div>\n<\/div>\n<\/div>\n<\/div>","protected":false},"excerpt":{"rendered":"<p>The artwork is available for pickup at BelArt Gallery in Brussels, Belgium, or it can be delivered to the address of your choice within 2 to 3 weeks after your order is confirmed. The artwork is insured during transportation, so there&#8217;s no risk. Origin: Belgium. Exclusive to Belart Gallery.This vibrant artwork is a bold exploration [&hellip;]<\/p>","protected":false},"featured_media":9251,"template":"","meta":{"_acf_changed":false,"inline_featured_image":false,"_monsterinsights_skip_tracking":false,"_monsterinsights_sitenote_active":false,"_monsterinsights_sitenote_note":"","_monsterinsights_sitenote_category":0},"product_brand":[195],"product_cat":[167,33,36],"product_tag":[123,169,168,134,170],"department":[],"class_list":{"0":"post-9252","1":"product","2":"type-product","3":"status-publish","4":"has-post-thumbnail","6":"product_brand-jazzu","7":"product_cat-figurative","8":"product_cat-outsider-art","9":"product_cat-painting","10":"product_tag-colorful-artwork","11":"product_tag-colors","12":"product_tag-friends","13":"product_tag-portrait","14":"product_tag-text","15":"product_shipping_class-medium","17":"first","18":"outofstock","19":"shipping-taxable","20":"purchasable","21":"product-type-simple"},"acf":[],"_links":{"self":[{"href":"https:\/\/www.belart-gallery.com\/fr\/wp-json\/wp\/v2\/product\/9252","targetHints":{"allow":["GET"]}}],"collection":[{"href":"https:\/\/www.belart-gallery.com\/fr\/wp-json\/wp\/v2\/product"}],"about":[{"href":"https:\/\/www.belart-gallery.com\/fr\/wp-json\/wp\/v2\/types\/product"}],"wp:featuredmedia":[{"embeddable":true,"href":"https:\/\/www.belart-gallery.com\/fr\/wp-json\/wp\/v2\/media\/9251"}],"wp:attachment":[{"href":"https:\/\/www.belart-gallery.com\/fr\/wp-json\/wp\/v2\/media?parent=9252"}],"wp:term":[{"taxonomy":"product_brand","embeddable":true,"href":"https:\/\/www.belart-gallery.com\/fr\/wp-json\/wp\/v2\/product_brand?post=9252"},{"taxonomy":"product_cat","embeddable":true,"href":"https:\/\/www.belart-gallery.com\/fr\/wp-json\/wp\/v2\/product_cat?post=9252"},{"taxonomy":"product_tag","embeddable":true,"href":"https:\/\/www.belart-gallery.com\/fr\/wp-json\/wp\/v2\/product_tag?post=9252"},{"taxonomy":"department","embeddable":true,"href":"https:\/\/www.belart-gallery.com\/fr\/wp-json\/wp\/v2\/department?post=9252"}],"curies":[{"name":"wp","href":"https:\/\/api.w.org\/{rel}","templated":true}]}}