{"id":9419,"date":"2025-05-26T13:42:12","date_gmt":"2025-05-26T13:42:12","guid":{"rendered":"https:\/\/belart-gallery.com\/product-page\/meandres-bleu-et-sable\/"},"modified":"2026-01-20T13:24:01","modified_gmt":"2026-01-20T13:24:01","slug":"meandres-bleu-et-sable","status":"publish","type":"product","link":"https:\/\/www.belart-gallery.com\/fr\/product-page\/meandres-bleu-et-sable\/","title":{"rendered":"M\u00e9andres bleu et sable"},"content":{"rendered":"<div>\n<div>\n<div>\n<div>\n<div>\n<div>\n<p>L'\u0153uvre peut \u00eatre retir\u00e9e \u00e0 la galerie BelArt \u00e0 Bruxelles, Belgique, ou peut \u00eatre livr\u00e9e \u00e0 l'adresse de votre choix dans un d\u00e9lai de 2 \u00e0 3 semaines apr\u00e8s la confirmation de votre commande. L'\u0153uvre est assur\u00e9e pendant le transport, il n'y a donc aucun risque. Origine : Belgique : Belgique.<\/p>\n<p>&nbsp;<\/p>\n<p>In M\u00e9andres Bleu et Sable, Sophie Dumont deploys all her mastery of composition and color to create a work that is both soothing and intriguing. The artist uses a subtle palette of deep blues, soft beiges and touches of ochre to construct an abstract landscape where geometric shapes overlap and intertwine harmoniously.<\/p>\n<p>The title, M\u00e9andres Bleu et Sable, evokes a sinuous, almost organic movement, reminiscent of the natural curves of shores or the fluid outline of a watercourse. This impression of movement is accentuated by the horizontal lines and layers of paint worked with a knife, which add texture and depth to the canvas.<\/p>\n<p>Dumont skillfully plays with light, which seems to slide over the reliefs of the pictorial material, revealing infinite nuances from different angles. The contrasts between the cold tones of blue and the warmth of beiges and ochres create a chromatic harmony that invites contemplation.<\/p>\n<p>This work goes beyond simple abstraction. It evokes memories of seascapes or landscapes, impressions of open spaces where the mind can wander freely. It also testifies to the intuitive approach of the artist, who builds his paintings in successive layers, each layer enriching the previous one with a new emotional dimension.<\/p>\n<p>In short, M\u00e9andres Bleu et Sable is an invitation to an inner journey, a space where softness, movement and visual harmony blend together. Sophie Dumont succeeds here in capturing the essence of the landscape while leaving the viewer the freedom to project their own reveries onto it.<\/p>\n<\/div>\n<\/div>\n<\/div>\n<\/div>\n<\/div>\n<\/div>","protected":false},"excerpt":{"rendered":"<p>The artwork is available for pickup at BelArt Gallery in Brussels, Belgium, or it can be delivered to the address of your choice within 2 to 3 weeks after your order is confirmed. The artwork is insured during transportation, so there&#8217;s no risk. Origin: Belgium. &nbsp; In M\u00e9andres Bleu et Sable, Sophie Dumont deploys all [&hellip;]<\/p>","protected":false},"featured_media":9418,"template":"","meta":{"_acf_changed":false,"inline_featured_image":false,"_monsterinsights_skip_tracking":false,"_monsterinsights_sitenote_active":false,"_monsterinsights_sitenote_note":"","_monsterinsights_sitenote_category":0},"product_brand":[180],"product_cat":[27,36],"product_tag":[117,129,247],"department":[],"class_list":{"0":"post-9419","1":"product","2":"type-product","3":"status-publish","4":"has-post-thumbnail","6":"product_brand-sophie-dumont","7":"product_cat-abstract","8":"product_cat-painting","9":"product_tag-abstract-art","10":"product_tag-landscape-artwork","11":"product_tag-seascape","12":"product_shipping_class-medium","14":"first","15":"instock","16":"sold-individually","17":"shipping-taxable","18":"purchasable","19":"product-type-simple"},"acf":[],"_links":{"self":[{"href":"https:\/\/www.belart-gallery.com\/fr\/wp-json\/wp\/v2\/product\/9419","targetHints":{"allow":["GET"]}}],"collection":[{"href":"https:\/\/www.belart-gallery.com\/fr\/wp-json\/wp\/v2\/product"}],"about":[{"href":"https:\/\/www.belart-gallery.com\/fr\/wp-json\/wp\/v2\/types\/product"}],"wp:featuredmedia":[{"embeddable":true,"href":"https:\/\/www.belart-gallery.com\/fr\/wp-json\/wp\/v2\/media\/9418"}],"wp:attachment":[{"href":"https:\/\/www.belart-gallery.com\/fr\/wp-json\/wp\/v2\/media?parent=9419"}],"wp:term":[{"taxonomy":"product_brand","embeddable":true,"href":"https:\/\/www.belart-gallery.com\/fr\/wp-json\/wp\/v2\/product_brand?post=9419"},{"taxonomy":"product_cat","embeddable":true,"href":"https:\/\/www.belart-gallery.com\/fr\/wp-json\/wp\/v2\/product_cat?post=9419"},{"taxonomy":"product_tag","embeddable":true,"href":"https:\/\/www.belart-gallery.com\/fr\/wp-json\/wp\/v2\/product_tag?post=9419"},{"taxonomy":"department","embeddable":true,"href":"https:\/\/www.belart-gallery.com\/fr\/wp-json\/wp\/v2\/department?post=9419"}],"curies":[{"name":"wp","href":"https:\/\/api.w.org\/{rel}","templated":true}]}}