{"id":9497,"date":"2025-05-26T13:45:48","date_gmt":"2025-05-26T13:45:48","guid":{"rendered":"https:\/\/belart-gallery.com\/product-page\/4-ways\/"},"modified":"2025-12-04T16:40:58","modified_gmt":"2025-12-04T16:40:58","slug":"4-ways","status":"publish","type":"product","link":"https:\/\/www.belart-gallery.com\/fr\/product-page\/4-ways\/","title":{"rendered":"4 voies"},"content":{"rendered":"<div>\n<div>\n<div>\n<div>\n<div>\n<div>\n<p>L'\u0153uvre peut \u00eatre retir\u00e9e \u00e0 la galerie BelArt \u00e0 Bruxelles, Belgique, ou peut \u00eatre livr\u00e9e \u00e0 l'adresse de votre choix dans un d\u00e9lai de 2 \u00e0 3 semaines apr\u00e8s la confirmation de votre commande. L'\u0153uvre est assur\u00e9e pendant le transport, il n'y a donc aucun risque. Origine : Belgique : Belgique.<\/p>\n<p>&nbsp;<\/p>\n<p>Cette \u0153uvre d'art est une exclusivit\u00e9 de la galerie Belart.<br \/>\nCette \u0153uvre d'art pr\u00e9sente un m\u00e9lange magistral d'abstraction et de texture, attirant l'attention par sa composition saisissante. Domin\u00e9e par un riche ocre terreux dans la partie sup\u00e9rieure, la peinture respire la chaleur et la profondeur. Un coup de pinceau orange dynamique perturbe l'uniformit\u00e9, insufflant vitalit\u00e9 et mouvement. Dans la partie inf\u00e9rieure, des couches de gris sourds entrecoup\u00e9es de lignes horizontales audacieuses, blanches et sombres, cr\u00e9ent un contraste saisissant et ancrent l'\u0153uvre dans la r\u00e9alit\u00e9. La superposition des textures, obtenue gr\u00e2ce \u00e0 une application habile de la peinture, ajoute de la dimension et de l'intrigue, invitant les spectateurs \u00e0 explorer ses complexit\u00e9s. Le jeu subtil entre l'ombre et la lumi\u00e8re renforce la profondeur de l'ensemble, faisant de l'\u0153uvre une exp\u00e9rience visuelle captivante. La juxtaposition des couleurs et des textures ne met pas seulement en \u00e9vidence les prouesses techniques de l'artiste, mais \u00e9voque \u00e9galement une r\u00e9ponse \u00e9motionnelle et contemplative.<\/p>\n<\/div>\n<\/div>\n<\/div>\n<\/div>\n<\/div>\n<\/div>","protected":false},"excerpt":{"rendered":"<p>The artwork is available for pickup at BelArt Gallery in Brussels, Belgium, or it can be delivered to the address of your choice within 2 to 3 weeks after your order is confirmed. The artwork is insured during transportation, so there&#8217;s no risk. Origin: Belgium. &nbsp; This Artwork is exclusive to Belart Gallery. This artwork [&hellip;]<\/p>","protected":false},"featured_media":9496,"template":"","meta":{"_acf_changed":false,"inline_featured_image":false,"_monsterinsights_skip_tracking":false,"_monsterinsights_sitenote_active":false,"_monsterinsights_sitenote_note":"","_monsterinsights_sitenote_category":0},"product_brand":[175],"product_cat":[27,36],"product_tag":[117,128,129],"department":[],"class_list":{"0":"post-9497","1":"product","2":"type-product","3":"status-publish","4":"has-post-thumbnail","6":"product_brand-ralph-resch","7":"product_cat-abstract","8":"product_cat-painting","9":"product_tag-abstract-art","10":"product_tag-geometric","11":"product_tag-landscape-artwork","12":"product_shipping_class-medium","14":"first","15":"outofstock","16":"sold-individually","17":"shipping-taxable","18":"purchasable","19":"product-type-simple"},"acf":[],"_links":{"self":[{"href":"https:\/\/www.belart-gallery.com\/fr\/wp-json\/wp\/v2\/product\/9497","targetHints":{"allow":["GET"]}}],"collection":[{"href":"https:\/\/www.belart-gallery.com\/fr\/wp-json\/wp\/v2\/product"}],"about":[{"href":"https:\/\/www.belart-gallery.com\/fr\/wp-json\/wp\/v2\/types\/product"}],"version-history":[{"count":0,"href":"https:\/\/www.belart-gallery.com\/fr\/wp-json\/wp\/v2\/product\/9497\/revisions"}],"wp:featuredmedia":[{"embeddable":true,"href":"https:\/\/www.belart-gallery.com\/fr\/wp-json\/wp\/v2\/media\/9496"}],"wp:attachment":[{"href":"https:\/\/www.belart-gallery.com\/fr\/wp-json\/wp\/v2\/media?parent=9497"}],"wp:term":[{"taxonomy":"product_brand","embeddable":true,"href":"https:\/\/www.belart-gallery.com\/fr\/wp-json\/wp\/v2\/product_brand?post=9497"},{"taxonomy":"product_cat","embeddable":true,"href":"https:\/\/www.belart-gallery.com\/fr\/wp-json\/wp\/v2\/product_cat?post=9497"},{"taxonomy":"product_tag","embeddable":true,"href":"https:\/\/www.belart-gallery.com\/fr\/wp-json\/wp\/v2\/product_tag?post=9497"},{"taxonomy":"department","embeddable":true,"href":"https:\/\/www.belart-gallery.com\/fr\/wp-json\/wp\/v2\/department?post=9497"}],"curies":[{"name":"wp","href":"https:\/\/api.w.org\/{rel}","templated":true}]}}