{"id":9510,"date":"2025-05-26T13:46:11","date_gmt":"2025-05-26T13:46:11","guid":{"rendered":"https:\/\/belart-gallery.com\/product-page\/passage-eclair\/"},"modified":"2025-07-21T17:45:55","modified_gmt":"2025-07-21T17:45:55","slug":"passage-eclair","status":"publish","type":"product","link":"https:\/\/www.belart-gallery.com\/fr\/product-page\/passage-eclair\/","title":{"rendered":"Passage \u00e9clair"},"content":{"rendered":"<div>\n<div>\n<div>\n<div>\n<div>\n<div>\n<p>L'\u0153uvre peut \u00eatre retir\u00e9e \u00e0 la galerie BelArt \u00e0 Bruxelles, Belgique, ou peut \u00eatre livr\u00e9e \u00e0 l'adresse de votre choix dans un d\u00e9lai de 2 \u00e0 3 semaines apr\u00e8s la confirmation de votre commande. L'\u0153uvre est assur\u00e9e pendant le transport, il n'y a donc aucun risque. Origine : Belgique : Belgique.<\/p>\n<p>This artwork is esclusive to Belart Gallery.This stunning artwork captures the viewer&#8217;s imagination with its rich, layered hues of blue interspersed with striking white streaks. The composition juxtaposes deep indigo against vibrant azure, creating a dynamic visual rhythm. Wisps of white cascade like waterfalls, adding depth and texture. There is a profound sense of movement, as if the paint is in the process of flowing or melting across the canvas. The strategic use of drips and streaks evokes a sense of both chaos and harmony. The subtle contrast between the dark upper section and lighter lower expanse hints at an abstract landscape, inviting contemplation. The artist&#8217;s bold strokes and meticulous layering techniques result in a mesmerizing piece that exudes energy and mystery.<\/p>\n<\/div>\n<\/div>\n<\/div>\n<\/div>\n<\/div>\n<\/div>","protected":false},"excerpt":{"rendered":"<p>The artwork is available for pickup at BelArt Gallery in Brussels, Belgium, or it can be delivered to the address of your choice within 2 to 3 weeks after your order is confirmed. The artwork is insured during transportation, so there&#8217;s no risk. Origin: Belgium. This artwork is esclusive to Belart Gallery.This stunning artwork captures [&hellip;]<\/p>","protected":false},"featured_media":9509,"template":"","meta":{"_acf_changed":false,"inline_featured_image":false,"_monsterinsights_skip_tracking":false,"_monsterinsights_sitenote_active":false,"_monsterinsights_sitenote_note":"","_monsterinsights_sitenote_category":0},"product_brand":[175],"product_cat":[27,36],"product_tag":[117,128],"department":[],"class_list":{"0":"post-9510","1":"product","2":"type-product","3":"status-publish","4":"has-post-thumbnail","6":"product_brand-ralph-resch","7":"product_cat-abstract","8":"product_cat-painting","9":"product_tag-abstract-art","10":"product_tag-geometric","11":"product_shipping_class-medium","13":"first","14":"instock","15":"sold-individually","16":"shipping-taxable","17":"purchasable","18":"product-type-simple"},"acf":[],"_links":{"self":[{"href":"https:\/\/www.belart-gallery.com\/fr\/wp-json\/wp\/v2\/product\/9510","targetHints":{"allow":["GET"]}}],"collection":[{"href":"https:\/\/www.belart-gallery.com\/fr\/wp-json\/wp\/v2\/product"}],"about":[{"href":"https:\/\/www.belart-gallery.com\/fr\/wp-json\/wp\/v2\/types\/product"}],"wp:featuredmedia":[{"embeddable":true,"href":"https:\/\/www.belart-gallery.com\/fr\/wp-json\/wp\/v2\/media\/9509"}],"wp:attachment":[{"href":"https:\/\/www.belart-gallery.com\/fr\/wp-json\/wp\/v2\/media?parent=9510"}],"wp:term":[{"taxonomy":"product_brand","embeddable":true,"href":"https:\/\/www.belart-gallery.com\/fr\/wp-json\/wp\/v2\/product_brand?post=9510"},{"taxonomy":"product_cat","embeddable":true,"href":"https:\/\/www.belart-gallery.com\/fr\/wp-json\/wp\/v2\/product_cat?post=9510"},{"taxonomy":"product_tag","embeddable":true,"href":"https:\/\/www.belart-gallery.com\/fr\/wp-json\/wp\/v2\/product_tag?post=9510"},{"taxonomy":"department","embeddable":true,"href":"https:\/\/www.belart-gallery.com\/fr\/wp-json\/wp\/v2\/department?post=9510"}],"curies":[{"name":"wp","href":"https:\/\/api.w.org\/{rel}","templated":true}]}}