{"id":9651,"date":"2025-05-26T13:52:09","date_gmt":"2025-05-26T13:52:09","guid":{"rendered":"https:\/\/belart-gallery.com\/product-page\/normandy-2\/"},"modified":"2025-06-26T12:18:56","modified_gmt":"2025-06-26T12:18:56","slug":"normandy-2","status":"publish","type":"product","link":"https:\/\/www.belart-gallery.com\/fr\/product-page\/normandy-2\/","title":{"rendered":"Normandy 2"},"content":{"rendered":"<div>\n<div>\n<div>\n<div>\n<div>\n<div>\n<p>L'\u0153uvre peut \u00eatre retir\u00e9e \u00e0 la galerie BelArt \u00e0 Bruxelles, Belgique, ou peut \u00eatre livr\u00e9e \u00e0 l'adresse de votre choix dans un d\u00e9lai de 2 \u00e0 3 semaines apr\u00e8s la confirmation de votre commande. L'\u0153uvre est assur\u00e9e pendant le transport, il n'y a donc aucun risque. Origine : Belgique : Belgique.<\/p>\n<p>&nbsp;<\/p>\n<p>\u201cNormandy&#8221; takes viewers on a visual journey through the landscapes of Normandy. Created with an oil on canvas and knife technique, this abstract work captures the very essence of the Normandy countryside in a completely unique way.<\/p>\n<p>The bright, bold colors in \u201cNormandy&#8221; evoke the vibrancy of rural life and the richness of farmland. The expressive strokes of the palette knife create a striking texture that seems almost palpable, transporting the viewer to the very heart of Normandy&#8217;s vast fields and endless skies.<\/p>\n<p>Tones of lush green, warm gold and celestial blue blend harmoniously, capturing the changing light and evocative atmosphere of this iconic region. The plots of fields are suggested with a striking spontaneity, inviting everyone to explore and interpret the landscape in their own way.<\/p>\n<p>\u201cNormandy&#8221; embodies the very essence of abstraction, offering a poetic and emotional interpretation of the Norman landscapes that goes far beyond simple realistic representation. It is an ode to the timeless beauty of nature and its infinite power of wonder.<\/p>\n<p>Choice of black or natural wood frame<\/p>\n<p>Painting ready to hang<\/p>\n<\/div>\n<\/div>\n<\/div>\n<\/div>\n<\/div>\n<\/div>","protected":false},"excerpt":{"rendered":"<p>The artwork is available for pickup at BelArt Gallery in Brussels, Belgium, or it can be delivered to the address of your choice within 2 to 3 weeks after your order is confirmed. The artwork is insured during transportation, so there&#8217;s no risk. Origin: Belgium. &nbsp; \u201cNormandy&#8221; takes viewers on a visual journey through the [&hellip;]<\/p>","protected":false},"featured_media":9650,"template":"","meta":{"_acf_changed":false,"inline_featured_image":false,"_monsterinsights_skip_tracking":false,"_monsterinsights_sitenote_active":false,"_monsterinsights_sitenote_note":"","_monsterinsights_sitenote_category":0},"product_brand":[180],"product_cat":[27,36],"product_tag":[117,129],"department":[],"class_list":{"0":"post-9651","1":"product","2":"type-product","3":"status-publish","4":"has-post-thumbnail","6":"product_brand-sophie-dumont","7":"product_cat-abstract","8":"product_cat-painting","9":"product_tag-abstract-art","10":"product_tag-landscape-artwork","11":"product_shipping_class-small","13":"first","14":"instock","15":"sold-individually","16":"shipping-taxable","17":"purchasable","18":"product-type-simple"},"acf":[],"_links":{"self":[{"href":"https:\/\/www.belart-gallery.com\/fr\/wp-json\/wp\/v2\/product\/9651","targetHints":{"allow":["GET"]}}],"collection":[{"href":"https:\/\/www.belart-gallery.com\/fr\/wp-json\/wp\/v2\/product"}],"about":[{"href":"https:\/\/www.belart-gallery.com\/fr\/wp-json\/wp\/v2\/types\/product"}],"wp:featuredmedia":[{"embeddable":true,"href":"https:\/\/www.belart-gallery.com\/fr\/wp-json\/wp\/v2\/media\/9650"}],"wp:attachment":[{"href":"https:\/\/www.belart-gallery.com\/fr\/wp-json\/wp\/v2\/media?parent=9651"}],"wp:term":[{"taxonomy":"product_brand","embeddable":true,"href":"https:\/\/www.belart-gallery.com\/fr\/wp-json\/wp\/v2\/product_brand?post=9651"},{"taxonomy":"product_cat","embeddable":true,"href":"https:\/\/www.belart-gallery.com\/fr\/wp-json\/wp\/v2\/product_cat?post=9651"},{"taxonomy":"product_tag","embeddable":true,"href":"https:\/\/www.belart-gallery.com\/fr\/wp-json\/wp\/v2\/product_tag?post=9651"},{"taxonomy":"department","embeddable":true,"href":"https:\/\/www.belart-gallery.com\/fr\/wp-json\/wp\/v2\/department?post=9651"}],"curies":[{"name":"wp","href":"https:\/\/api.w.org\/{rel}","templated":true}]}}