{"id":9770,"date":"2025-05-26T13:58:15","date_gmt":"2025-05-26T13:58:15","guid":{"rendered":"https:\/\/belart-gallery.com\/product-page\/dreaming-in-pink\/"},"modified":"2025-07-22T11:18:58","modified_gmt":"2025-07-22T11:18:58","slug":"dreaming-in-pink","status":"publish","type":"product","link":"https:\/\/www.belart-gallery.com\/fr\/product-page\/dreaming-in-pink\/","title":{"rendered":"Dreaming in Pink"},"content":{"rendered":"<p>L'\u0153uvre peut \u00eatre retir\u00e9e \u00e0 la galerie BelArt \u00e0 Bruxelles, Belgique, ou peut \u00eatre livr\u00e9e \u00e0 l'adresse de votre choix dans un d\u00e9lai de 2 \u00e0 3 semaines apr\u00e8s la confirmation de votre commande. L'\u0153uvre est assur\u00e9e pendant le transport, il n'y a donc aucun risque. Origine : Belgique : Belgique.<\/p>\n<p>&nbsp;<\/p>\n<p>As the evening skies began to darken, the lone tree stood proudly, cloaked in crimson glory. Each red strand, a wish, each shimmer, a dream fulfilled. It whispered to every passerby, \u201cEven in the darkest of nights, you can radiate.&#8221; This tree is a reminder that no matter where you are, your inner light can ignite a spark of hope for yourself and those around you.<\/p>\n<p>Textural. Threads of paint have volume.<br \/>\nC'est le cas lorsqu'il est int\u00e9ressant d'\u00e9tudier chaque centim\u00e8tre carr\u00e9.<\/p>\n<p>Painting style &#8211; the paint is applied in threads. The threads of paint seem to intertwine, creating their own canvas. Painting is made using multi-layer paint technique. A million multi-colored splashes dry before each subsequent coat of a colored the threads of paint is applied. In general, the painting has more then 50 layers of the application of colorful splashes.<\/p>\n<p>\u2022 Size of the painting: 57&#8243; x 35&#8243;\/ 145 x 90 cm.<br \/>\n\u2022 Size of canvas with borders: 61&#8243; x 39&#8243;\/ 155 x 100 cm.<\/p>\n<p>The painting has additional 4&#8243; ( 10 cm.) borders around the art for convenient stretching.<br \/>\nAdditional borders of the canvas are painted so after stretching it can be hung with or without a frame as preferred.<\/p>\n<p>Non \u00e9tir\u00e9. Vous le recevrez roul\u00e9, dans un tube. Pr\u00eat \u00e0 \u00eatre \u00e9tir\u00e9.<br \/>\nI recommend stretching your painting in a local custom framing shop. It will be the most affordable and easy way for you to get a big stretched canvas.<\/p>","protected":false},"excerpt":{"rendered":"<p>The artwork is available for pickup at BelArt Gallery in Brussels, Belgium, or it can be delivered to the address of your choice within 2 to 3 weeks after your order is confirmed. The artwork is insured during transportation, so there&#8217;s no risk. Origin: Belgium. &nbsp; As the evening skies began to darken, the lone [&hellip;]<\/p>","protected":false},"featured_media":9769,"template":"","meta":{"_acf_changed":false,"inline_featured_image":false,"_monsterinsights_skip_tracking":false,"_monsterinsights_sitenote_active":false,"_monsterinsights_sitenote_note":"","_monsterinsights_sitenote_category":0},"product_brand":[187],"product_cat":[36],"product_tag":[],"department":[],"class_list":{"0":"post-9770","1":"product","2":"type-product","3":"status-publish","4":"has-post-thumbnail","6":"product_brand-nadin-antoniuk","7":"product_cat-painting","9":"first","10":"outofstock","11":"shipping-taxable","12":"purchasable","13":"product-type-simple"},"acf":[],"_links":{"self":[{"href":"https:\/\/www.belart-gallery.com\/fr\/wp-json\/wp\/v2\/product\/9770","targetHints":{"allow":["GET"]}}],"collection":[{"href":"https:\/\/www.belart-gallery.com\/fr\/wp-json\/wp\/v2\/product"}],"about":[{"href":"https:\/\/www.belart-gallery.com\/fr\/wp-json\/wp\/v2\/types\/product"}],"wp:featuredmedia":[{"embeddable":true,"href":"https:\/\/www.belart-gallery.com\/fr\/wp-json\/wp\/v2\/media\/9769"}],"wp:attachment":[{"href":"https:\/\/www.belart-gallery.com\/fr\/wp-json\/wp\/v2\/media?parent=9770"}],"wp:term":[{"taxonomy":"product_brand","embeddable":true,"href":"https:\/\/www.belart-gallery.com\/fr\/wp-json\/wp\/v2\/product_brand?post=9770"},{"taxonomy":"product_cat","embeddable":true,"href":"https:\/\/www.belart-gallery.com\/fr\/wp-json\/wp\/v2\/product_cat?post=9770"},{"taxonomy":"product_tag","embeddable":true,"href":"https:\/\/www.belart-gallery.com\/fr\/wp-json\/wp\/v2\/product_tag?post=9770"},{"taxonomy":"department","embeddable":true,"href":"https:\/\/www.belart-gallery.com\/fr\/wp-json\/wp\/v2\/department?post=9770"}],"curies":[{"name":"wp","href":"https:\/\/api.w.org\/{rel}","templated":true}]}}