{"id":9787,"date":"2025-05-26T13:58:55","date_gmt":"2025-05-26T13:58:55","guid":{"rendered":"https:\/\/belart-gallery.com\/product-page\/right-now-stretched\/"},"modified":"2025-07-10T13:33:33","modified_gmt":"2025-07-10T13:33:33","slug":"right-now-stretched","status":"publish","type":"product","link":"https:\/\/www.belart-gallery.com\/fr\/product-page\/right-now-stretched\/","title":{"rendered":"Right now (stretched)"},"content":{"rendered":"<p>L'\u0153uvre peut \u00eatre retir\u00e9e \u00e0 la galerie BelArt \u00e0 Bruxelles, Belgique, ou peut \u00eatre livr\u00e9e \u00e0 l'adresse de votre choix dans un d\u00e9lai de 2 \u00e0 3 semaines apr\u00e8s la confirmation de votre commande. L'\u0153uvre est assur\u00e9e pendant le transport, il n'y a donc aucun risque. Origine : Belgique : Belgique.<\/p>\n<p>&nbsp;<\/p>\n<p>Rehaussez votre int\u00e9rieur avec l'\u00e9nergie captivante d'une peinture abstraite originale inspir\u00e9e de Jackson Pollock, rendue dans des tons sereins. Parfaite pour les amateurs de solutions de design originales et non conventionnelles, cette \u0153uvre d'art associe une expression dynamique \u00e0 une palette de couleurs apaisantes pour cr\u00e9er un point focal unique dans n'importe quelle pi\u00e8ce. Ses \u00e9claboussures et ses couches complexes invitent \u00e0 la contemplation et \u00e0 la conversation, ce qui en fait un ajout id\u00e9al pour ceux qui appr\u00e9cient \u00e0 la fois l'art moderne et une atmosph\u00e8re paisible. Transformez votre espace de vie, votre chambre ou votre bureau avec cette pi\u00e8ce \u00e9tonnante qui allie harmonieusement l'innovation artistique \u00e0 une \u00e9l\u00e9gante s\u00e9r\u00e9nit\u00e9.<\/p>\n<p>&#8220;The present moment&#8221; &#8211; these are the key words. You don&#8217;t need endless amounts of time and perfect conditions. Pursue your dream today. Right now.<\/p>\n<p>Painting style &#8211; the paint is applied in threads. The threads of paint seem to intertwine, creating their own canvas. Painting is made using multi-layer paint technique. A million multi-colored splashes dry before each subsequent coat of a colored the threads of paint is applied. In general, the painting has more then 20 layers of the application of colorful splashes.<\/p>","protected":false},"excerpt":{"rendered":"<p>The artwork is available for pickup at BelArt Gallery in Brussels, Belgium, or it can be delivered to the address of your choice within 2 to 3 weeks after your order is confirmed. The artwork is insured during transportation, so there&#8217;s no risk. Origin: Belgium. &nbsp; Elevate your interior with the captivating energy of an [&hellip;]<\/p>","protected":false},"featured_media":9786,"template":"","meta":{"_acf_changed":false,"inline_featured_image":false,"_monsterinsights_skip_tracking":false,"_monsterinsights_sitenote_active":false,"_monsterinsights_sitenote_note":"","_monsterinsights_sitenote_category":0},"product_brand":[187],"product_cat":[27,36],"product_tag":[117,169,139],"department":[],"class_list":{"0":"post-9787","1":"product","2":"type-product","3":"status-publish","4":"has-post-thumbnail","6":"product_brand-nadin-antoniuk","7":"product_cat-abstract","8":"product_cat-painting","9":"product_tag-abstract-art","10":"product_tag-colors","11":"product_tag-textured-art","12":"product_shipping_class-medium","14":"first","15":"instock","16":"sold-individually","17":"shipping-taxable","18":"purchasable","19":"product-type-simple"},"acf":[],"_links":{"self":[{"href":"https:\/\/www.belart-gallery.com\/fr\/wp-json\/wp\/v2\/product\/9787","targetHints":{"allow":["GET"]}}],"collection":[{"href":"https:\/\/www.belart-gallery.com\/fr\/wp-json\/wp\/v2\/product"}],"about":[{"href":"https:\/\/www.belart-gallery.com\/fr\/wp-json\/wp\/v2\/types\/product"}],"wp:featuredmedia":[{"embeddable":true,"href":"https:\/\/www.belart-gallery.com\/fr\/wp-json\/wp\/v2\/media\/9786"}],"wp:attachment":[{"href":"https:\/\/www.belart-gallery.com\/fr\/wp-json\/wp\/v2\/media?parent=9787"}],"wp:term":[{"taxonomy":"product_brand","embeddable":true,"href":"https:\/\/www.belart-gallery.com\/fr\/wp-json\/wp\/v2\/product_brand?post=9787"},{"taxonomy":"product_cat","embeddable":true,"href":"https:\/\/www.belart-gallery.com\/fr\/wp-json\/wp\/v2\/product_cat?post=9787"},{"taxonomy":"product_tag","embeddable":true,"href":"https:\/\/www.belart-gallery.com\/fr\/wp-json\/wp\/v2\/product_tag?post=9787"},{"taxonomy":"department","embeddable":true,"href":"https:\/\/www.belart-gallery.com\/fr\/wp-json\/wp\/v2\/department?post=9787"}],"curies":[{"name":"wp","href":"https:\/\/api.w.org\/{rel}","templated":true}]}}