{"id":9850,"date":"2025-05-26T14:02:06","date_gmt":"2025-05-26T14:02:06","guid":{"rendered":"https:\/\/belart-gallery.com\/product-page\/pearls\/"},"modified":"2026-02-04T04:38:17","modified_gmt":"2026-02-04T04:38:17","slug":"pearls","status":"publish","type":"product","link":"https:\/\/www.belart-gallery.com\/fr\/product-page\/pearls\/","title":{"rendered":"Pearls"},"content":{"rendered":"<p>L'\u0153uvre peut \u00eatre retir\u00e9e \u00e0 la galerie BelArt \u00e0 Bruxelles, Belgique, ou peut \u00eatre livr\u00e9e \u00e0 l'adresse de votre choix dans un d\u00e9lai de 2 \u00e0 3 semaines apr\u00e8s la confirmation de votre commande. L'\u0153uvre est assur\u00e9e pendant le transport, il n'y a donc aucun risque. Origine : Belgique : Belgique.<\/p>\n<p>&nbsp;<\/p>\n<p>Rehaussez votre int\u00e9rieur avec l'\u00e9nergie captivante d'une peinture abstraite originale inspir\u00e9e de Jackson Pollock, rendue dans des tons sereins. Parfaite pour les amateurs de solutions de design originales et non conventionnelles, cette \u0153uvre d'art associe une expression dynamique \u00e0 une palette de couleurs apaisantes pour cr\u00e9er un point focal unique dans n'importe quelle pi\u00e8ce. Ses \u00e9claboussures et ses couches complexes invitent \u00e0 la contemplation et \u00e0 la conversation, ce qui en fait un ajout id\u00e9al pour ceux qui appr\u00e9cient \u00e0 la fois l'art moderne et une atmosph\u00e8re paisible. Transformez votre espace de vie, votre chambre ou votre bureau avec cette pi\u00e8ce \u00e9tonnante qui allie harmonieusement l'innovation artistique \u00e0 une \u00e9l\u00e9gante s\u00e9r\u00e9nit\u00e9.<\/p>\n<p>\"Le c\u0153ur de l'homme ressemble beaucoup \u00e0 la mer, il a ses temp\u00eates, ses mar\u00e9es et dans ses profondeurs, il a aussi ses perles\".<\/p>\n<p>- Vincent van Gogh, Les lettres de Vincent van Gogh<\/p>\n<p>Art 130632<br \/>\nPainting is made using multi-layer paint technique. A million multi-colored splashes dry before each subsequent coat. Typically, the paint has more than 50 coats of application of splashes. Splashes in the Pollock style.<\/p>\n<p>\u2022 Size of the paintings: 41&#8243; x 60&#8243; \/ 105 x 150 cm.<br \/>\n- Taille de la toile avec les bordures : 45\u2033 x 63\u2033\/ 115 x 160 cm.<br \/>\nLe tableau est entour\u00e9 de bordures suppl\u00e9mentaires de 4\u2033 (10 cm) pour faciliter l'\u00e9tirement.<br \/>\nLes bords suppl\u00e9mentaires de la toile sont peints de mani\u00e8re \u00e0 ce qu'elle puisse \u00eatre suspendue avec ou sans cadre, selon les pr\u00e9f\u00e9rences.<br \/>\nNon \u00e9tir\u00e9. Vous le recevrez roul\u00e9, dans un tube. Pr\u00eat \u00e0 \u00eatre \u00e9tir\u00e9.<br \/>\nJe vous recommande de faire tendre votre tirage dans un magasin d'encadrement local. C'est le moyen le plus abordable et le plus facile d'obtenir une grande toile tendue.<br \/>\n~~ Exp\u00e9dition express 5-10 jours ouvrables, manutention : 2-3 jours<\/p>","protected":false},"excerpt":{"rendered":"<p>The artwork is available for pickup at BelArt Gallery in Brussels, Belgium, or it can be delivered to the address of your choice within 2 to 3 weeks after your order is confirmed. The artwork is insured during transportation, so there&#8217;s no risk. Origin: Belgium. &nbsp; Elevate your interior with the captivating energy of an [&hellip;]<\/p>","protected":false},"featured_media":9849,"template":"","meta":{"_acf_changed":false,"inline_featured_image":false,"_monsterinsights_skip_tracking":false,"_monsterinsights_sitenote_active":false,"_monsterinsights_sitenote_note":"","_monsterinsights_sitenote_category":0},"product_brand":[187],"product_cat":[27,36],"product_tag":[117,247,139],"department":[],"class_list":{"0":"post-9850","1":"product","2":"type-product","3":"status-publish","4":"has-post-thumbnail","6":"product_brand-nadin-antoniuk","7":"product_cat-abstract","8":"product_cat-painting","9":"product_tag-abstract-art","10":"product_tag-seascape","11":"product_tag-textured-art","12":"product_shipping_class-extra-large","14":"first","15":"instock","16":"sold-individually","17":"shipping-taxable","18":"purchasable","19":"product-type-simple"},"acf":[],"_links":{"self":[{"href":"https:\/\/www.belart-gallery.com\/fr\/wp-json\/wp\/v2\/product\/9850","targetHints":{"allow":["GET"]}}],"collection":[{"href":"https:\/\/www.belart-gallery.com\/fr\/wp-json\/wp\/v2\/product"}],"about":[{"href":"https:\/\/www.belart-gallery.com\/fr\/wp-json\/wp\/v2\/types\/product"}],"wp:featuredmedia":[{"embeddable":true,"href":"https:\/\/www.belart-gallery.com\/fr\/wp-json\/wp\/v2\/media\/9849"}],"wp:attachment":[{"href":"https:\/\/www.belart-gallery.com\/fr\/wp-json\/wp\/v2\/media?parent=9850"}],"wp:term":[{"taxonomy":"product_brand","embeddable":true,"href":"https:\/\/www.belart-gallery.com\/fr\/wp-json\/wp\/v2\/product_brand?post=9850"},{"taxonomy":"product_cat","embeddable":true,"href":"https:\/\/www.belart-gallery.com\/fr\/wp-json\/wp\/v2\/product_cat?post=9850"},{"taxonomy":"product_tag","embeddable":true,"href":"https:\/\/www.belart-gallery.com\/fr\/wp-json\/wp\/v2\/product_tag?post=9850"},{"taxonomy":"department","embeddable":true,"href":"https:\/\/www.belart-gallery.com\/fr\/wp-json\/wp\/v2\/department?post=9850"}],"curies":[{"name":"wp","href":"https:\/\/api.w.org\/{rel}","templated":true}]}}