{"id":9867,"date":"2025-05-26T14:02:51","date_gmt":"2025-05-26T14:02:51","guid":{"rendered":"https:\/\/belart-gallery.com\/product-page\/courage\/"},"modified":"2026-02-04T04:21:26","modified_gmt":"2026-02-04T04:21:26","slug":"courage","status":"publish","type":"product","link":"https:\/\/www.belart-gallery.com\/fr\/product-page\/courage\/","title":{"rendered":"Courage"},"content":{"rendered":"<p>L'\u0153uvre peut \u00eatre retir\u00e9e \u00e0 la galerie BelArt \u00e0 Bruxelles, Belgique, ou peut \u00eatre livr\u00e9e \u00e0 l'adresse de votre choix dans un d\u00e9lai de 2 \u00e0 3 semaines apr\u00e8s la confirmation de votre commande. L'\u0153uvre est assur\u00e9e pendant le transport, il n'y a donc aucun risque. Origine : Belgique : Belgique.<\/p>\n<p>&nbsp;<\/p>\n<p>Rehaussez votre int\u00e9rieur avec l'\u00e9nergie captivante d'une peinture abstraite originale inspir\u00e9e de Jackson Pollock, rendue dans des tons sereins. Parfaite pour les amateurs de solutions de design originales et non conventionnelles, cette \u0153uvre d'art associe une expression dynamique \u00e0 une palette de couleurs apaisantes pour cr\u00e9er un point focal unique dans n'importe quelle pi\u00e8ce. Ses \u00e9claboussures et ses couches complexes invitent \u00e0 la contemplation et \u00e0 la conversation, ce qui en fait un ajout id\u00e9al pour ceux qui appr\u00e9cient \u00e0 la fois l'art moderne et une atmosph\u00e8re paisible. Transformez votre espace de vie, votre chambre ou votre bureau avec cette pi\u00e8ce \u00e9tonnante qui allie harmonieusement l'innovation artistique \u00e0 une \u00e9l\u00e9gante s\u00e9r\u00e9nit\u00e9.<\/p>\n<p>&#8220;You will never cross the ocean unless you have the courage to lose sight of the shore.&#8221;<\/p>\n<p>~~ Title:: &#8220;Courage&#8221;. Art 290632<\/p>\n<p>La peinture est r\u00e9alis\u00e9e \u00e0 l'aide d'une technique de peinture multicouche. Un million d'\u00e9claboussures multicolores s\u00e8chent avant chaque couche suivante. En g\u00e9n\u00e9ral, la peinture comporte plus de 50 couches d'application d'\u00e9claboussures. \u00c9claboussures dans le style Pollock. Le pourtour du bleu et du blanc est d'une couleur chocolat noir de diff\u00e9rentes nuances.<\/p>\n<p>- Taille des trois peintures : 41\u2033 x 60\u2033 \/ 105 x 150 cm.<br \/>\n- Taille de la toile avec les bordures : 45\u2033 x 63\u2033\/ 115 x 160 cm.<\/p>\n<p>Le tableau est entour\u00e9 de bordures suppl\u00e9mentaires de 4\u2033 (10 cm) pour faciliter l'\u00e9tirement.<br \/>\nLes bords suppl\u00e9mentaires de la toile sont peints de mani\u00e8re \u00e0 ce qu'elle puisse \u00eatre suspendue avec ou sans cadre, selon les pr\u00e9f\u00e9rences.<\/p>\n<p>Non \u00e9tir\u00e9. Vous le recevrez roul\u00e9, dans un tube. Pr\u00eat \u00e0 \u00eatre \u00e9tir\u00e9.<br \/>\nJe vous recommande de faire tendre votre tirage dans un magasin d'encadrement local. C'est le moyen le plus abordable et le plus facile d'obtenir une grande toile tendue.<\/p>\n<p>~~ Express shipping 5-10 Business Days, handling: 2-3 Days.<\/p>","protected":false},"excerpt":{"rendered":"<p>The artwork is available for pickup at BelArt Gallery in Brussels, Belgium, or it can be delivered to the address of your choice within 2 to 3 weeks after your order is confirmed. The artwork is insured during transportation, so there&#8217;s no risk. Origin: Belgium. &nbsp; Elevate your interior with the captivating energy of an [&hellip;]<\/p>","protected":false},"featured_media":9866,"template":"","meta":{"_acf_changed":false,"inline_featured_image":false,"_monsterinsights_skip_tracking":false,"_monsterinsights_sitenote_active":false,"_monsterinsights_sitenote_note":"","_monsterinsights_sitenote_category":0},"product_brand":[187],"product_cat":[27,36],"product_tag":[117,139],"department":[],"class_list":{"0":"post-9867","1":"product","2":"type-product","3":"status-publish","4":"has-post-thumbnail","6":"product_brand-nadin-antoniuk","7":"product_cat-abstract","8":"product_cat-painting","9":"product_tag-abstract-art","10":"product_tag-textured-art","11":"product_shipping_class-medium","13":"first","14":"instock","15":"sold-individually","16":"shipping-taxable","17":"purchasable","18":"product-type-simple"},"acf":[],"_links":{"self":[{"href":"https:\/\/www.belart-gallery.com\/fr\/wp-json\/wp\/v2\/product\/9867","targetHints":{"allow":["GET"]}}],"collection":[{"href":"https:\/\/www.belart-gallery.com\/fr\/wp-json\/wp\/v2\/product"}],"about":[{"href":"https:\/\/www.belart-gallery.com\/fr\/wp-json\/wp\/v2\/types\/product"}],"wp:featuredmedia":[{"embeddable":true,"href":"https:\/\/www.belart-gallery.com\/fr\/wp-json\/wp\/v2\/media\/9866"}],"wp:attachment":[{"href":"https:\/\/www.belart-gallery.com\/fr\/wp-json\/wp\/v2\/media?parent=9867"}],"wp:term":[{"taxonomy":"product_brand","embeddable":true,"href":"https:\/\/www.belart-gallery.com\/fr\/wp-json\/wp\/v2\/product_brand?post=9867"},{"taxonomy":"product_cat","embeddable":true,"href":"https:\/\/www.belart-gallery.com\/fr\/wp-json\/wp\/v2\/product_cat?post=9867"},{"taxonomy":"product_tag","embeddable":true,"href":"https:\/\/www.belart-gallery.com\/fr\/wp-json\/wp\/v2\/product_tag?post=9867"},{"taxonomy":"department","embeddable":true,"href":"https:\/\/www.belart-gallery.com\/fr\/wp-json\/wp\/v2\/department?post=9867"}],"curies":[{"name":"wp","href":"https:\/\/api.w.org\/{rel}","templated":true}]}}