{"id":9903,"date":"2025-05-26T14:04:31","date_gmt":"2025-05-26T14:04:31","guid":{"rendered":"https:\/\/belart-gallery.com\/product-page\/mosaique-litteraire\/"},"modified":"2026-01-20T13:24:53","modified_gmt":"2026-01-20T13:24:53","slug":"mosaique-litteraire","status":"publish","type":"product","link":"https:\/\/www.belart-gallery.com\/fr\/product-page\/mosaique-litteraire\/","title":{"rendered":"Mosa\u00efque litteraire"},"content":{"rendered":"<p>L'\u0153uvre peut \u00eatre retir\u00e9e \u00e0 la galerie BelArt \u00e0 Bruxelles, Belgique, ou peut \u00eatre livr\u00e9e \u00e0 l'adresse de votre choix dans un d\u00e9lai de 2 \u00e0 3 semaines apr\u00e8s la confirmation de votre commande. L'\u0153uvre est assur\u00e9e pendant le transport, il n'y a donc aucun risque. Origine : Belgique : Belgique.<\/p>\n<p>&nbsp;<\/p>\n<p>\u201cLiterary Mosaic&#8221; is a fascinating work that captures the essence of cultural and intellectual diversity. Sophie Dumont, through this 40&#215;40 cm oil on canvas, transports us into a universe where colors and geometric shapes intertwine to form an abstract library. Each colored square represents a book, a story, a thought. The rich texture and varied color palette evoke the diversity of human stories and experiences.<\/p>\n<p>The choice of colors \u2013 warm and cool tones \u2013 creates a visual harmony that attracts and holds the viewer&#8217;s attention. Texture variations add depth and encourage tactile exploration, as if each square invites to be touched and flicked. The balanced yet dynamic composition reflects the complexity and order of human knowledge, while leaving room for personal interpretation.<\/p>\n<p>Sophie Dumont succeeds in creating a work that is not only a visual representation, but also an invitation to reflect on the richness of knowledge and culture. \u201cLiterary Mosaic&#8221; is a celebration of the human spirit and its ability to record and transmit ideas through the ages.<\/p>","protected":false},"excerpt":{"rendered":"<p>The artwork is available for pickup at BelArt Gallery in Brussels, Belgium, or it can be delivered to the address of your choice within 2 to 3 weeks after your order is confirmed. The artwork is insured during transportation, so there&#8217;s no risk. Origin: Belgium. &nbsp; \u201cLiterary Mosaic&#8221; is a fascinating work that captures the [&hellip;]<\/p>","protected":false},"featured_media":9902,"template":"","meta":{"_acf_changed":false,"inline_featured_image":false,"_monsterinsights_skip_tracking":false,"_monsterinsights_sitenote_active":false,"_monsterinsights_sitenote_note":"","_monsterinsights_sitenote_category":0},"product_brand":[180],"product_cat":[27,36],"product_tag":[117,245,169,128,246],"department":[],"class_list":{"0":"post-9903","1":"product","2":"type-product","3":"status-publish","4":"has-post-thumbnail","6":"product_brand-sophie-dumont","7":"product_cat-abstract","8":"product_cat-painting","9":"product_tag-abstract-art","10":"product_tag-books","11":"product_tag-colors","12":"product_tag-geometric","13":"product_tag-library","14":"product_shipping_class-small","16":"first","17":"instock","18":"sold-individually","19":"shipping-taxable","20":"purchasable","21":"product-type-simple"},"acf":[],"_links":{"self":[{"href":"https:\/\/www.belart-gallery.com\/fr\/wp-json\/wp\/v2\/product\/9903","targetHints":{"allow":["GET"]}}],"collection":[{"href":"https:\/\/www.belart-gallery.com\/fr\/wp-json\/wp\/v2\/product"}],"about":[{"href":"https:\/\/www.belart-gallery.com\/fr\/wp-json\/wp\/v2\/types\/product"}],"wp:featuredmedia":[{"embeddable":true,"href":"https:\/\/www.belart-gallery.com\/fr\/wp-json\/wp\/v2\/media\/9902"}],"wp:attachment":[{"href":"https:\/\/www.belart-gallery.com\/fr\/wp-json\/wp\/v2\/media?parent=9903"}],"wp:term":[{"taxonomy":"product_brand","embeddable":true,"href":"https:\/\/www.belart-gallery.com\/fr\/wp-json\/wp\/v2\/product_brand?post=9903"},{"taxonomy":"product_cat","embeddable":true,"href":"https:\/\/www.belart-gallery.com\/fr\/wp-json\/wp\/v2\/product_cat?post=9903"},{"taxonomy":"product_tag","embeddable":true,"href":"https:\/\/www.belart-gallery.com\/fr\/wp-json\/wp\/v2\/product_tag?post=9903"},{"taxonomy":"department","embeddable":true,"href":"https:\/\/www.belart-gallery.com\/fr\/wp-json\/wp\/v2\/department?post=9903"}],"curies":[{"name":"wp","href":"https:\/\/api.w.org\/{rel}","templated":true}]}}