{"id":19327,"date":"2025-10-10T09:36:45","date_gmt":"2025-10-10T09:36:45","guid":{"rendered":"https:\/\/www.belart-gallery.com\/?post_type=product&#038;p=19327"},"modified":"2025-10-10T09:45:29","modified_gmt":"2025-10-10T09:45:29","slug":"hommage-a-monet-v","status":"publish","type":"product","link":"https:\/\/www.belart-gallery.com\/nl\/product-page\/hommage-a-monet-v\/","title":{"rendered":"Hommage \u00e0 Monet V"},"content":{"rendered":"<p>The artwork (Hommage \u00e0 Monet V by Agn\u00e8s Tiollier) is available for pickup at BelArt Gallery in Brussels, Belgium, or it can be delivered to the address of your choice within 2 to 3 weeks after your order is confirmed. The artwork is insured during transportation, so there&#8217;s no risk. Origin: Belgium.<\/p>\n<div class=\"about__right__item\">\n<div class=\"description-see-more\">\n<div data-limit=\"200\">\n<p>This work transports the viewer to a serene and enchanting aquatic world. Vibrantly hued water lilies float harmoniously on a deep blue water surface. The shades of green unfold in layers, creating a refined interplay of light and shadow. Pink lotus flowers bloom delicately, contrasting beautifully with the azure background. The balanced composition offers a visual symphony of intensity and calm. The choice of colors and strategic placement of elements captivate the eye, evoking a sense of eternity and tranquility. This work pays homage to the pure and simple beauty of nature, encouraging contemplation and dreaming.<\/p>\n<p>The canvas is mounted on a frame, the edges are painted.<\/p>\n<\/div>\n<\/div>\n<\/div>\n<p>&nbsp;<\/p>","protected":false},"excerpt":{"rendered":"<p>The artwork (Hommage \u00e0 Monet V by Agn\u00e8s Tiollier) is available for pickup at BelArt Gallery in Brussels, Belgium, or it can be delivered to the address of your choice within 2 to 3 weeks after your order is confirmed. The artwork is insured during transportation, so there&#8217;s no risk. Origin: Belgium. This work transports [&hellip;]<\/p>","protected":false},"featured_media":19328,"template":"","meta":{"_acf_changed":false,"inline_featured_image":false,"_monsterinsights_skip_tracking":false,"_monsterinsights_sitenote_active":false,"_monsterinsights_sitenote_note":"","_monsterinsights_sitenote_category":0},"product_brand":[216],"product_cat":[167,36],"product_tag":[169,126,127,244],"department":[],"class_list":{"0":"post-19327","1":"product","2":"type-product","3":"status-publish","4":"has-post-thumbnail","6":"product_brand-agnes-tiollier","7":"product_cat-figurative","8":"product_cat-painting","9":"product_tag-colors","10":"product_tag-figurative","11":"product_tag-floral","12":"product_tag-nature","13":"product_shipping_class-medium","15":"first","16":"instock","17":"sold-individually","18":"shipping-taxable","19":"purchasable","20":"product-type-simple"},"acf":[],"_links":{"self":[{"href":"https:\/\/www.belart-gallery.com\/nl\/wp-json\/wp\/v2\/product\/19327","targetHints":{"allow":["GET"]}}],"collection":[{"href":"https:\/\/www.belart-gallery.com\/nl\/wp-json\/wp\/v2\/product"}],"about":[{"href":"https:\/\/www.belart-gallery.com\/nl\/wp-json\/wp\/v2\/types\/product"}],"wp:featuredmedia":[{"embeddable":true,"href":"https:\/\/www.belart-gallery.com\/nl\/wp-json\/wp\/v2\/media\/19328"}],"wp:attachment":[{"href":"https:\/\/www.belart-gallery.com\/nl\/wp-json\/wp\/v2\/media?parent=19327"}],"wp:term":[{"taxonomy":"product_brand","embeddable":true,"href":"https:\/\/www.belart-gallery.com\/nl\/wp-json\/wp\/v2\/product_brand?post=19327"},{"taxonomy":"product_cat","embeddable":true,"href":"https:\/\/www.belart-gallery.com\/nl\/wp-json\/wp\/v2\/product_cat?post=19327"},{"taxonomy":"product_tag","embeddable":true,"href":"https:\/\/www.belart-gallery.com\/nl\/wp-json\/wp\/v2\/product_tag?post=19327"},{"taxonomy":"department","embeddable":true,"href":"https:\/\/www.belart-gallery.com\/nl\/wp-json\/wp\/v2\/department?post=19327"}],"curies":[{"name":"wp","href":"https:\/\/api.w.org\/{rel}","templated":true}]}}