{"id":27139,"date":"2025-11-17T11:11:48","date_gmt":"2025-11-17T11:11:48","guid":{"rendered":"https:\/\/www.belart-gallery.com\/?post_type=product&#038;p=27139"},"modified":"2025-11-17T11:16:38","modified_gmt":"2025-11-17T11:16:38","slug":"nenuphars-xii-agnes-tiollier","status":"publish","type":"product","link":"https:\/\/www.belart-gallery.com\/nl\/product-page\/nenuphars-xii-agnes-tiollier\/","title":{"rendered":"N\u00e9nuphars XII"},"content":{"rendered":"<p>The artwork (N\u00e9nuphars XII by Agn\u00e8s Tiollier) is available for pickup at BelArt Gallery in Brussels, Belgium, or it can be delivered to the address of your choice within 2 to 3 weeks after your order is confirmed. The artwork is insured during transportation, so there&#8217;s no risk. Origin: Belgium.<\/p>\n<div class=\"about__right__item\">\n<div class=\"description-see-more\">\n<div data-limit=\"200\">\n<p>This artwork depicts a pond of water lilies floating delicately on serene water. The leaves, in a vibrant palette ranging from soft pink to deep green, seem to form a soothing, natural carpet. At the center, a white water lily flower stands out, a symbol of purity and tranquility, its meticulously detailed texture reflecting the light. The bright yellow background adds a touch of warmth and energizes the composition while contrasting harmoniously with the pastel hues of the water lilies. The artist succeeds in capturing a scene of tranquil beauty, where each element is revealed in perfect balance. The varied and carefully chosen shades demonstrate a highly personal artistic sensibility, offering the viewer total immersion in a world of nature and color. This painting invites contemplation and escape.<\/p>\n<\/div>\n<\/div>\n<\/div>","protected":false},"excerpt":{"rendered":"<p>The artwork (N\u00e9nuphars XII by Agn\u00e8s Tiollier) is available for pickup at BelArt Gallery in Brussels, Belgium, or it can be delivered to the address of your choice within 2 to 3 weeks after your order is confirmed. The artwork is insured during transportation, so there&#8217;s no risk. Origin: Belgium. This artwork depicts a pond [&hellip;]<\/p>","protected":false},"featured_media":27140,"template":"","meta":{"_acf_changed":false,"inline_featured_image":false,"_monsterinsights_skip_tracking":false,"_monsterinsights_sitenote_active":false,"_monsterinsights_sitenote_note":"","_monsterinsights_sitenote_category":0},"product_brand":[216],"product_cat":[167,36],"product_tag":[169,126,127,244],"department":[],"class_list":{"0":"post-27139","1":"product","2":"type-product","3":"status-publish","4":"has-post-thumbnail","6":"product_brand-agnes-tiollier","7":"product_cat-figurative","8":"product_cat-painting","9":"product_tag-colors","10":"product_tag-figurative","11":"product_tag-floral","12":"product_tag-nature","13":"product_shipping_class-small","15":"first","16":"instock","17":"sold-individually","18":"shipping-taxable","19":"purchasable","20":"product-type-simple"},"acf":[],"_links":{"self":[{"href":"https:\/\/www.belart-gallery.com\/nl\/wp-json\/wp\/v2\/product\/27139","targetHints":{"allow":["GET"]}}],"collection":[{"href":"https:\/\/www.belart-gallery.com\/nl\/wp-json\/wp\/v2\/product"}],"about":[{"href":"https:\/\/www.belart-gallery.com\/nl\/wp-json\/wp\/v2\/types\/product"}],"wp:featuredmedia":[{"embeddable":true,"href":"https:\/\/www.belart-gallery.com\/nl\/wp-json\/wp\/v2\/media\/27140"}],"wp:attachment":[{"href":"https:\/\/www.belart-gallery.com\/nl\/wp-json\/wp\/v2\/media?parent=27139"}],"wp:term":[{"taxonomy":"product_brand","embeddable":true,"href":"https:\/\/www.belart-gallery.com\/nl\/wp-json\/wp\/v2\/product_brand?post=27139"},{"taxonomy":"product_cat","embeddable":true,"href":"https:\/\/www.belart-gallery.com\/nl\/wp-json\/wp\/v2\/product_cat?post=27139"},{"taxonomy":"product_tag","embeddable":true,"href":"https:\/\/www.belart-gallery.com\/nl\/wp-json\/wp\/v2\/product_tag?post=27139"},{"taxonomy":"department","embeddable":true,"href":"https:\/\/www.belart-gallery.com\/nl\/wp-json\/wp\/v2\/department?post=27139"}],"curies":[{"name":"wp","href":"https:\/\/api.w.org\/{rel}","templated":true}]}}