{"id":27882,"date":"2025-11-19T10:55:05","date_gmt":"2025-11-19T10:55:05","guid":{"rendered":"https:\/\/www.belart-gallery.com\/?post_type=product&#038;p=27882"},"modified":"2025-11-19T11:00:18","modified_gmt":"2025-11-19T11:00:18","slug":"cote-ombre-agnes-tiollier","status":"publish","type":"product","link":"https:\/\/www.belart-gallery.com\/nl\/product-page\/cote-ombre-agnes-tiollier\/","title":{"rendered":"C\u00f4t\u00e9 ombre"},"content":{"rendered":"<p>The artwork (C\u00f4t\u00e9 ombre by Agn\u00e8s Tiollier) is available for pickup at BelArt Gallery in Brussels, Belgium, or it can be delivered to the address of your choice within 2 to 3 weeks after your order is confirmed. The artwork is insured during transportation, so there&#8217;s no risk. Origin: Belgium.<\/p>\n<div class=\"about__right__item\">\n<div class=\"description-see-more\">\n<div data-limit=\"200\">\n<p>The work is part of the Majorelle series; the emphasis is on the shadow \/ light contrasts, and the bright colors of Majorelle blue and lemon yellow.<br \/>\nThe parallel is also made between the arabesques of the plants and the window, and the horizontal and vertical lines of the place, all giving an atmosphere to the Matisse.<br \/>\nThe pastel produced on a Pastelmat laminate makes it a rigid work that must be placed under glass by a professional, for its protection and durability.<br \/>\nThe work is delivered protected by a special pastel paper.<\/p>\n<\/div>\n<\/div>\n<\/div>","protected":false},"excerpt":{"rendered":"<p>The artwork (C\u00f4t\u00e9 ombre by Agn\u00e8s Tiollier) is available for pickup at BelArt Gallery in Brussels, Belgium, or it can be delivered to the address of your choice within 2 to 3 weeks after your order is confirmed. The artwork is insured during transportation, so there&#8217;s no risk. Origin: Belgium. The work is part of [&hellip;]<\/p>","protected":false},"featured_media":27883,"template":"","meta":{"_acf_changed":false,"inline_featured_image":false,"_monsterinsights_skip_tracking":false,"_monsterinsights_sitenote_active":false,"_monsterinsights_sitenote_note":"","_monsterinsights_sitenote_category":0},"product_brand":[216],"product_cat":[167,36],"product_tag":[123,169,126,127,244],"department":[],"class_list":{"0":"post-27882","1":"product","2":"type-product","3":"status-publish","4":"has-post-thumbnail","6":"product_brand-agnes-tiollier","7":"product_cat-figurative","8":"product_cat-painting","9":"product_tag-colorful-artwork","10":"product_tag-colors","11":"product_tag-figurative","12":"product_tag-floral","13":"product_tag-nature","14":"product_shipping_class-medium","16":"first","17":"instock","18":"sold-individually","19":"shipping-taxable","20":"purchasable","21":"product-type-simple"},"acf":[],"_links":{"self":[{"href":"https:\/\/www.belart-gallery.com\/nl\/wp-json\/wp\/v2\/product\/27882","targetHints":{"allow":["GET"]}}],"collection":[{"href":"https:\/\/www.belart-gallery.com\/nl\/wp-json\/wp\/v2\/product"}],"about":[{"href":"https:\/\/www.belart-gallery.com\/nl\/wp-json\/wp\/v2\/types\/product"}],"wp:featuredmedia":[{"embeddable":true,"href":"https:\/\/www.belart-gallery.com\/nl\/wp-json\/wp\/v2\/media\/27883"}],"wp:attachment":[{"href":"https:\/\/www.belart-gallery.com\/nl\/wp-json\/wp\/v2\/media?parent=27882"}],"wp:term":[{"taxonomy":"product_brand","embeddable":true,"href":"https:\/\/www.belart-gallery.com\/nl\/wp-json\/wp\/v2\/product_brand?post=27882"},{"taxonomy":"product_cat","embeddable":true,"href":"https:\/\/www.belart-gallery.com\/nl\/wp-json\/wp\/v2\/product_cat?post=27882"},{"taxonomy":"product_tag","embeddable":true,"href":"https:\/\/www.belart-gallery.com\/nl\/wp-json\/wp\/v2\/product_tag?post=27882"},{"taxonomy":"department","embeddable":true,"href":"https:\/\/www.belart-gallery.com\/nl\/wp-json\/wp\/v2\/department?post=27882"}],"curies":[{"name":"wp","href":"https:\/\/api.w.org\/{rel}","templated":true}]}}