{"id":38333,"date":"2025-12-17T23:10:38","date_gmt":"2025-12-17T23:10:38","guid":{"rendered":"https:\/\/www.belart-gallery.com\/?post_type=product&#038;p=38333"},"modified":"2026-01-08T12:58:25","modified_gmt":"2026-01-08T12:58:25","slug":"anime-riflesse-by-antonino-puliafico","status":"publish","type":"product","link":"https:\/\/www.belart-gallery.com\/nl\/product-page\/anime-riflesse-by-antonino-puliafico\/","title":{"rendered":"Anime Riflesse"},"content":{"rendered":"<div>\n<div>\n<div>\n<p>The artwork(Anime Riflesse by Antonino Puliafico) is available for pickup at BelArt Gallery in Brussels, Belgium, or it can be delivered to the address of your choice within 2 to 3 weeks after your order is confirmed. The artwork is insured during transportation, so there&#8217;s no risk. Origin: Belgium.<\/p>\n<\/div>\n<\/div>\n<\/div>\n<div>\n<p>The painting is not stretched. It will arrive rolled in a protective tube, ready for stretching.<br \/>\nFor large-size canvases, we recommend having them stretched at a local custom framing shop, this is usually the most convenient and affordable way to get your canvas professionally mounted.<\/p>\n<p>In &#8220;Ninfe e Riflessi&#8221;, l&#8217;artista ha sapientemente fuso elementi del Manet, dell&#8217;impressionismo e del divisionismo, creando un&#8217;opera di straordinaria corposit\u00e0 e impatto materico. La scena \u00e8 dominata da una grande distesa d&#8217;acqua, in cui si riflettono vivaci toni di viola e rosso. La spatola \u00e8 stata utilizzata magistralmente per conferire alla superficie dell&#8217;acqua una consistenza vibrante e dinamica.<\/p>\n<p>Le ninfe emergono tra i fiori, evocando un senso di mistero ed eleganza. La tavolozza dei colori ricorda i capolavori impressionisti, mentre la tecnica divisionista permette di cogliere i riflessi sull&#8217;acqua con estrema precisione. L&#8217;opera invita lo spettatore a immergersi in un mondo di bellezza e serenit\u00e0, facendolo desiderare di possedere il dipinto per poterlo ammirare ogni giorno nella propria casa.<\/p>\n<\/div>","protected":false},"excerpt":{"rendered":"<p>The artwork(Anime Riflesse by Antonino Puliafico) is available for pickup at BelArt Gallery in Brussels, Belgium, or it can be delivered to the address of your choice within 2 to 3 weeks after your order is confirmed. The artwork is insured during transportation, so there&#8217;s no risk. Origin: Belgium. The painting is not stretched. It [&hellip;]<\/p>","protected":false},"featured_media":38338,"template":"","meta":{"_acf_changed":false,"inline_featured_image":false,"_monsterinsights_skip_tracking":false,"_monsterinsights_sitenote_active":false,"_monsterinsights_sitenote_note":"","_monsterinsights_sitenote_category":0},"product_brand":[214],"product_cat":[27,36],"product_tag":[117,123,127,262],"department":[],"class_list":{"0":"post-38333","1":"product","2":"type-product","3":"status-publish","4":"has-post-thumbnail","6":"product_brand-antonino-puliafico","7":"product_cat-abstract","8":"product_cat-painting","9":"product_tag-abstract-art","10":"product_tag-colorful-artwork","11":"product_tag-floral","12":"product_tag-large-size","13":"product_shipping_class-rolled","15":"first","16":"instock","17":"sold-individually","18":"shipping-taxable","19":"purchasable","20":"product-type-simple"},"acf":[],"_links":{"self":[{"href":"https:\/\/www.belart-gallery.com\/nl\/wp-json\/wp\/v2\/product\/38333","targetHints":{"allow":["GET"]}}],"collection":[{"href":"https:\/\/www.belart-gallery.com\/nl\/wp-json\/wp\/v2\/product"}],"about":[{"href":"https:\/\/www.belart-gallery.com\/nl\/wp-json\/wp\/v2\/types\/product"}],"wp:featuredmedia":[{"embeddable":true,"href":"https:\/\/www.belart-gallery.com\/nl\/wp-json\/wp\/v2\/media\/38338"}],"wp:attachment":[{"href":"https:\/\/www.belart-gallery.com\/nl\/wp-json\/wp\/v2\/media?parent=38333"}],"wp:term":[{"taxonomy":"product_brand","embeddable":true,"href":"https:\/\/www.belart-gallery.com\/nl\/wp-json\/wp\/v2\/product_brand?post=38333"},{"taxonomy":"product_cat","embeddable":true,"href":"https:\/\/www.belart-gallery.com\/nl\/wp-json\/wp\/v2\/product_cat?post=38333"},{"taxonomy":"product_tag","embeddable":true,"href":"https:\/\/www.belart-gallery.com\/nl\/wp-json\/wp\/v2\/product_tag?post=38333"},{"taxonomy":"department","embeddable":true,"href":"https:\/\/www.belart-gallery.com\/nl\/wp-json\/wp\/v2\/department?post=38333"}],"curies":[{"name":"wp","href":"https:\/\/api.w.org\/{rel}","templated":true}]}}