{"id":41224,"date":"2025-12-24T15:41:05","date_gmt":"2025-12-24T15:41:05","guid":{"rendered":"https:\/\/www.belart-gallery.com\/?post_type=product&#038;p=41224"},"modified":"2026-01-28T18:19:13","modified_gmt":"2026-01-28T18:19:13","slug":"hommage-a-yves-saint-laurent-iv-agnes-tiollier","status":"publish","type":"product","link":"https:\/\/www.belart-gallery.com\/nl\/product-page\/hommage-a-yves-saint-laurent-iv-agnes-tiollier\/","title":{"rendered":"Hommage \u00e0 Yves-Saint-Laurent IV"},"content":{"rendered":"<p>The artwork (Hommage \u00e0 Yves-Saint-Laurent IV by Agn\u00e8s Tiollier) is available for pickup at BelArt Gallery in Brussels, Belgium, or it can be delivered to the address of your choice within 2 to 3 weeks after your order is confirmed. The artwork is insured during transportation, so there&#8217;s no risk. Origin: Belgium.<\/p>\n<div class=\"about__right__item\">\n<div class=\"description-see-more\">\n<div data-limit=\"200\">\n<div class=\"about__right__item\">\n<div class=\"description-see-more\">\n<div data-limit=\"200\">\n<p>This work is a new tribute to Yves Saint-Laurent, with this Majorelle garden, emblematic of its colors. Here, it is exotic vegetation between palm trees, bougainvillea and cacti, which make this garden a setting. The pastel is delivered protected by a special paper for pastel before being placed under glass by a professional for its definitive protection.<\/p>\n<\/div>\n<\/div>\n<\/div>\n<\/div>\n<\/div>\n<\/div>","protected":false},"excerpt":{"rendered":"<p>The artwork (Hommage \u00e0 Yves-Saint-Laurent IV by Agn\u00e8s Tiollier) is available for pickup at BelArt Gallery in Brussels, Belgium, or it can be delivered to the address of your choice within 2 to 3 weeks after your order is confirmed. The artwork is insured during transportation, so there&#8217;s no risk. Origin: Belgium. This work is [&hellip;]<\/p>","protected":false},"featured_media":41225,"template":"","meta":{"_acf_changed":false,"inline_featured_image":false,"_monsterinsights_skip_tracking":false,"_monsterinsights_sitenote_active":false,"_monsterinsights_sitenote_note":"","_monsterinsights_sitenote_category":0},"product_brand":[216],"product_cat":[167,36],"product_tag":[123,169,126,127,244],"department":[],"class_list":{"0":"post-41224","1":"product","2":"type-product","3":"status-publish","4":"has-post-thumbnail","6":"product_brand-agnes-tiollier","7":"product_cat-figurative","8":"product_cat-painting","9":"product_tag-colorful-artwork","10":"product_tag-colors","11":"product_tag-figurative","12":"product_tag-floral","13":"product_tag-nature","14":"product_shipping_class-medium","16":"first","17":"outofstock","18":"sold-individually","19":"shipping-taxable","20":"purchasable","21":"product-type-simple"},"acf":[],"_links":{"self":[{"href":"https:\/\/www.belart-gallery.com\/nl\/wp-json\/wp\/v2\/product\/41224","targetHints":{"allow":["GET"]}}],"collection":[{"href":"https:\/\/www.belart-gallery.com\/nl\/wp-json\/wp\/v2\/product"}],"about":[{"href":"https:\/\/www.belart-gallery.com\/nl\/wp-json\/wp\/v2\/types\/product"}],"wp:featuredmedia":[{"embeddable":true,"href":"https:\/\/www.belart-gallery.com\/nl\/wp-json\/wp\/v2\/media\/41225"}],"wp:attachment":[{"href":"https:\/\/www.belart-gallery.com\/nl\/wp-json\/wp\/v2\/media?parent=41224"}],"wp:term":[{"taxonomy":"product_brand","embeddable":true,"href":"https:\/\/www.belart-gallery.com\/nl\/wp-json\/wp\/v2\/product_brand?post=41224"},{"taxonomy":"product_cat","embeddable":true,"href":"https:\/\/www.belart-gallery.com\/nl\/wp-json\/wp\/v2\/product_cat?post=41224"},{"taxonomy":"product_tag","embeddable":true,"href":"https:\/\/www.belart-gallery.com\/nl\/wp-json\/wp\/v2\/product_tag?post=41224"},{"taxonomy":"department","embeddable":true,"href":"https:\/\/www.belart-gallery.com\/nl\/wp-json\/wp\/v2\/department?post=41224"}],"curies":[{"name":"wp","href":"https:\/\/api.w.org\/{rel}","templated":true}]}}