{"id":44278,"date":"2026-01-28T02:42:17","date_gmt":"2026-01-28T02:42:17","guid":{"rendered":"https:\/\/www.belart-gallery.com\/?post_type=product&#038;p=44278"},"modified":"2026-01-28T02:51:12","modified_gmt":"2026-01-28T02:51:12","slug":"plage-a-maree-basse-by-sophie-dumont","status":"publish","type":"product","link":"https:\/\/www.belart-gallery.com\/nl\/product-page\/plage-a-maree-basse-by-sophie-dumont\/","title":{"rendered":"Laaggelegen strand"},"content":{"rendered":"<p>The artwork(Plage \u00e0 mar\u00e9e basse by Sophie Dumont)is available for pickup at BelArt Gallery in Brussels, Belgium, or it can be delivered to the address of your choice within 2 to 3 weeks after your order is confirmed. The artwork is insured during transportation, so there&#8217;s no risk. Origin: Belgium.<\/p>\n<p>Strandlandschap bij eb aan de C\u00f4te de Nacre in Normandi\u00eb. Tussen hemel en zee, schilderij van een strand in Normandi\u00eb waar de getijden iriserende kleuren achterlaten op het zand. Behandeld met een mes in olieverf op doek. Het werk is abstract, de lagen zijn meervoudig op het doek waardoor een interessant materiaal ontstaat. Dit schilderij is ingelijst met een zwarte Amerikaanse doos maar je kunt ook een naturel houten doos aanvragen. Het is rechtsonder gesigneerd.<\/p>","protected":false},"excerpt":{"rendered":"<p>The artwork(Plage \u00e0 mar\u00e9e basse by Sophie Dumont)is available for pickup at BelArt Gallery in Brussels, Belgium, or it can be delivered to the address of your choice within 2 to 3 weeks after your order is confirmed. The artwork is insured during transportation, so there&#8217;s no risk. Origin: Belgium. Seaside landscape at low tide [&hellip;]<\/p>","protected":false},"featured_media":44279,"template":"","meta":{"_acf_changed":false,"inline_featured_image":false,"_monsterinsights_skip_tracking":false,"_monsterinsights_sitenote_active":false,"_monsterinsights_sitenote_note":"","_monsterinsights_sitenote_category":0},"product_brand":[180],"product_cat":[27,36],"product_tag":[117,129,248],"department":[],"class_list":{"0":"post-44278","1":"product","2":"type-product","3":"status-publish","4":"has-post-thumbnail","6":"product_brand-sophie-dumont","7":"product_cat-abstract","8":"product_cat-painting","9":"product_tag-abstract-art","10":"product_tag-landscape-artwork","11":"product_tag-sky","12":"product_shipping_class-medium","14":"first","15":"instock","16":"sold-individually","17":"shipping-taxable","18":"purchasable","19":"product-type-simple"},"acf":[],"_links":{"self":[{"href":"https:\/\/www.belart-gallery.com\/nl\/wp-json\/wp\/v2\/product\/44278","targetHints":{"allow":["GET"]}}],"collection":[{"href":"https:\/\/www.belart-gallery.com\/nl\/wp-json\/wp\/v2\/product"}],"about":[{"href":"https:\/\/www.belart-gallery.com\/nl\/wp-json\/wp\/v2\/types\/product"}],"version-history":[{"count":0,"href":"https:\/\/www.belart-gallery.com\/nl\/wp-json\/wp\/v2\/product\/44278\/revisions"}],"wp:featuredmedia":[{"embeddable":true,"href":"https:\/\/www.belart-gallery.com\/nl\/wp-json\/wp\/v2\/media\/44279"}],"wp:attachment":[{"href":"https:\/\/www.belart-gallery.com\/nl\/wp-json\/wp\/v2\/media?parent=44278"}],"wp:term":[{"taxonomy":"product_brand","embeddable":true,"href":"https:\/\/www.belart-gallery.com\/nl\/wp-json\/wp\/v2\/product_brand?post=44278"},{"taxonomy":"product_cat","embeddable":true,"href":"https:\/\/www.belart-gallery.com\/nl\/wp-json\/wp\/v2\/product_cat?post=44278"},{"taxonomy":"product_tag","embeddable":true,"href":"https:\/\/www.belart-gallery.com\/nl\/wp-json\/wp\/v2\/product_tag?post=44278"},{"taxonomy":"department","embeddable":true,"href":"https:\/\/www.belart-gallery.com\/nl\/wp-json\/wp\/v2\/department?post=44278"}],"curies":[{"name":"wp","href":"https:\/\/api.w.org\/{rel}","templated":true}]}}