{"id":45821,"date":"2026-02-06T00:49:46","date_gmt":"2026-02-06T00:49:46","guid":{"rendered":"https:\/\/www.belart-gallery.com\/?post_type=product&#038;p=45821"},"modified":"2026-02-06T01:07:20","modified_gmt":"2026-02-06T01:07:20","slug":"reflections-by-agnes-tiollier","status":"publish","type":"product","link":"https:\/\/www.belart-gallery.com\/nl\/product-page\/reflections-by-agnes-tiollier\/","title":{"rendered":"R\u00e9flections"},"content":{"rendered":"<p>The artwork (R\u00e9flections by Agn\u00e8s Tiollier) is available for pickup at BelArt Gallery in Brussels, Belgium, or it can be delivered to the address of your choice within 2 to 3 weeks after your order is confirmed. The artwork is insured during transportation, so there&#8217;s no risk. Origin: Belgium.<\/p>\n<div class=\"about__right__item\">\n<div class=\"description-see-more\">\n<div data-limit=\"200\">\n<p>This artwork presents a hypnotic waterscape where reflections create a symphony of colors and abstract forms. The predominant green hues evoke a lush natural scene. The mirror-like effect of the water transforms the trees into long, elongated, almost ghostly silhouettes, adding a dreamlike dimension to the whole. The shimmering surface, traversed by gentle ripples, suggests a soft, peaceful current. The fluid and masterful drawing technique manages to capture the essence of nature while inviting introspective contemplation. The absence of a clear boundary between the land and its reflection lends the work a poetic abstraction, paying homage to the subtleties and complexity of the natural world.<\/p>\n<p>The artwork is delivered protected by special pastel paper and must be placed under glass for its final protection.<\/p>\n<\/div>\n<\/div>\n<\/div>","protected":false},"excerpt":{"rendered":"<p>The artwork (R\u00e9flections by Agn\u00e8s Tiollier) is available for pickup at BelArt Gallery in Brussels, Belgium, or it can be delivered to the address of your choice within 2 to 3 weeks after your order is confirmed. The artwork is insured during transportation, so there&#8217;s no risk. Origin: Belgium. This artwork presents a hypnotic waterscape [&hellip;]<\/p>","protected":false},"featured_media":45822,"template":"","meta":{"_acf_changed":false,"inline_featured_image":false,"_monsterinsights_skip_tracking":false,"_monsterinsights_sitenote_active":false,"_monsterinsights_sitenote_note":"","_monsterinsights_sitenote_category":0},"product_brand":[216],"product_cat":[27,36],"product_tag":[117,129],"department":[],"class_list":{"0":"post-45821","1":"product","2":"type-product","3":"status-publish","4":"has-post-thumbnail","6":"product_brand-agnes-tiollier","7":"product_cat-abstract","8":"product_cat-painting","9":"product_tag-abstract-art","10":"product_tag-landscape-artwork","11":"product_shipping_class-medium","13":"first","14":"instock","15":"sold-individually","16":"shipping-taxable","17":"purchasable","18":"product-type-simple"},"acf":[],"_links":{"self":[{"href":"https:\/\/www.belart-gallery.com\/nl\/wp-json\/wp\/v2\/product\/45821","targetHints":{"allow":["GET"]}}],"collection":[{"href":"https:\/\/www.belart-gallery.com\/nl\/wp-json\/wp\/v2\/product"}],"about":[{"href":"https:\/\/www.belart-gallery.com\/nl\/wp-json\/wp\/v2\/types\/product"}],"version-history":[{"count":0,"href":"https:\/\/www.belart-gallery.com\/nl\/wp-json\/wp\/v2\/product\/45821\/revisions"}],"wp:featuredmedia":[{"embeddable":true,"href":"https:\/\/www.belart-gallery.com\/nl\/wp-json\/wp\/v2\/media\/45822"}],"wp:attachment":[{"href":"https:\/\/www.belart-gallery.com\/nl\/wp-json\/wp\/v2\/media?parent=45821"}],"wp:term":[{"taxonomy":"product_brand","embeddable":true,"href":"https:\/\/www.belart-gallery.com\/nl\/wp-json\/wp\/v2\/product_brand?post=45821"},{"taxonomy":"product_cat","embeddable":true,"href":"https:\/\/www.belart-gallery.com\/nl\/wp-json\/wp\/v2\/product_cat?post=45821"},{"taxonomy":"product_tag","embeddable":true,"href":"https:\/\/www.belart-gallery.com\/nl\/wp-json\/wp\/v2\/product_tag?post=45821"},{"taxonomy":"department","embeddable":true,"href":"https:\/\/www.belart-gallery.com\/nl\/wp-json\/wp\/v2\/department?post=45821"}],"curies":[{"name":"wp","href":"https:\/\/api.w.org\/{rel}","templated":true}]}}