{"id":46882,"date":"2026-02-10T21:58:40","date_gmt":"2026-02-10T21:58:40","guid":{"rendered":"https:\/\/www.belart-gallery.com\/?post_type=product&#038;p=46882"},"modified":"2026-02-10T23:01:05","modified_gmt":"2026-02-10T23:01:05","slug":"murmure-des-nympheas-by-agnes-tiollier","status":"publish","type":"product","link":"https:\/\/www.belart-gallery.com\/nl\/product-page\/murmure-des-nympheas-by-agnes-tiollier\/","title":{"rendered":"Murmure des nymph\u00e9as"},"content":{"rendered":"<p>The artwork(Murmure des nymph\u00e9as by Agn\u00e8s Tiollier) is available for pickup at BelArt Gallery in Brussels, Belgium, or it can be delivered to the address of your choice within 2 to 3 weeks after your order is confirmed. The artwork is insured during transportation, so there&#8217;s no risk. Origin: Belgium.<\/p>\n<p>This captivating artwork, inspired by the famous water lilies, depicts a serene pond adorned with green and yellow leaves floating delicately on the water&#8217;s surface. The bold use of shades of blue and green creates a sense of depth and tranquility. The bright yellow accents add a touch of light, evoking the reflections of sunlight on the water. The fluid movement of the harmoniously dispersed leaves suggests a gentle breeze caressing the surface. The contrast between cool and warm hues provides a striking visual balance, while reinforcing the tranquil atmosphere of the scene. This artistic representation invites the viewer to a contemplative immersion in the natural beauty of this aquatic environment, while capturing the mystique and serenity of an idyllic water garden.<\/p>\n<p>The canvas is mounted on a frame.<\/p>","protected":false},"excerpt":{"rendered":"<p>The artwork(Murmure des nymph\u00e9as by Agn\u00e8s Tiollier) is available for pickup at BelArt Gallery in Brussels, Belgium, or it can be delivered to the address of your choice within 2 to 3 weeks after your order is confirmed. The artwork is insured during transportation, so there&#8217;s no risk. Origin: Belgium. This captivating artwork, inspired by [&hellip;]<\/p>","protected":false},"featured_media":46883,"template":"","meta":{"_acf_changed":false,"inline_featured_image":false,"_monsterinsights_skip_tracking":false,"_monsterinsights_sitenote_active":false,"_monsterinsights_sitenote_note":"","_monsterinsights_sitenote_category":0},"product_brand":[216],"product_cat":[36],"product_tag":[127,244],"department":[],"class_list":{"0":"post-46882","1":"product","2":"type-product","3":"status-publish","4":"has-post-thumbnail","6":"product_brand-agnes-tiollier","7":"product_cat-painting","8":"product_tag-floral","9":"product_tag-nature","10":"product_shipping_class-medium","12":"first","13":"instock","14":"sold-individually","15":"shipping-taxable","16":"purchasable","17":"product-type-simple"},"acf":[],"_links":{"self":[{"href":"https:\/\/www.belart-gallery.com\/nl\/wp-json\/wp\/v2\/product\/46882","targetHints":{"allow":["GET"]}}],"collection":[{"href":"https:\/\/www.belart-gallery.com\/nl\/wp-json\/wp\/v2\/product"}],"about":[{"href":"https:\/\/www.belart-gallery.com\/nl\/wp-json\/wp\/v2\/types\/product"}],"version-history":[{"count":0,"href":"https:\/\/www.belart-gallery.com\/nl\/wp-json\/wp\/v2\/product\/46882\/revisions"}],"wp:featuredmedia":[{"embeddable":true,"href":"https:\/\/www.belart-gallery.com\/nl\/wp-json\/wp\/v2\/media\/46883"}],"wp:attachment":[{"href":"https:\/\/www.belart-gallery.com\/nl\/wp-json\/wp\/v2\/media?parent=46882"}],"wp:term":[{"taxonomy":"product_brand","embeddable":true,"href":"https:\/\/www.belart-gallery.com\/nl\/wp-json\/wp\/v2\/product_brand?post=46882"},{"taxonomy":"product_cat","embeddable":true,"href":"https:\/\/www.belart-gallery.com\/nl\/wp-json\/wp\/v2\/product_cat?post=46882"},{"taxonomy":"product_tag","embeddable":true,"href":"https:\/\/www.belart-gallery.com\/nl\/wp-json\/wp\/v2\/product_tag?post=46882"},{"taxonomy":"department","embeddable":true,"href":"https:\/\/www.belart-gallery.com\/nl\/wp-json\/wp\/v2\/department?post=46882"}],"curies":[{"name":"wp","href":"https:\/\/api.w.org\/{rel}","templated":true}]}}