{"id":8203,"date":"2025-04-28T15:47:43","date_gmt":"2025-04-28T15:47:43","guid":{"rendered":"https:\/\/belart-gallery.com\/product-page\/serenite-abstraite\/"},"modified":"2026-01-20T13:28:19","modified_gmt":"2026-01-20T13:28:19","slug":"serenite-abstraite-sophie-dumont","status":"publish","type":"product","link":"https:\/\/www.belart-gallery.com\/nl\/product-page\/serenite-abstraite-sophie-dumont\/","title":{"rendered":"S\u00e9r\u00e9nit\u00e9 abstraite"},"content":{"rendered":"<div>\n<div>\n<div>\n<div>\n<div>\n<div>\n<p>The artwork(S\u00e9r\u00e9nit\u00e9 abstraite by Sophie Dumont)is available for pickup at BelArt Gallery in Brussels, Belgium, or it can be delivered to the address of your choice within 2 to 3 weeks after your order is confirmed. The artwork is insured during transportation, so there&#8217;s no risk. Origin: Belgium.<\/p>\n<p><em>S\u00e9r\u00e9nit\u00e9 abstraite<\/em> continues to unfold upon closer reflection, revealing a delicate interplay of structure and fluidity, presence and absence. Dumont\u2019s restrained palette of grays and whites maintains a meditative calm, while deeper reds and blacks add weight and depth, grounding the composition without overpowering its ethereal qualities. The textured surface, rich with subtle variations, hints at layers of history and quiet deliberation, reinforcing the painting\u2019s contemplative nature. Like much of Dumont\u2019s work, this piece is not about bold statements but about the nuanced dialogue between form, space, and emotion, an invitation to pause, reflect, and find serenity within abstraction.<\/p>\n<\/div>\n<\/div>\n<\/div>\n<\/div>\n<\/div>\n<\/div>","protected":false},"excerpt":{"rendered":"<p>The artwork(S\u00e9r\u00e9nit\u00e9 abstraite by Sophie Dumont)is available for pickup at BelArt Gallery in Brussels, Belgium, or it can be delivered to the address of your choice within 2 to 3 weeks after your order is confirmed. The artwork is insured during transportation, so there&#8217;s no risk. Origin: Belgium. S\u00e9r\u00e9nit\u00e9 abstraite continues to unfold upon closer [&hellip;]<\/p>","protected":false},"featured_media":3078,"template":"","meta":{"_acf_changed":false,"inline_featured_image":false,"_monsterinsights_skip_tracking":false,"_monsterinsights_sitenote_active":false,"_monsterinsights_sitenote_note":"","_monsterinsights_sitenote_category":0},"product_brand":[180],"product_cat":[27,36],"product_tag":[117,126,128],"department":[],"class_list":{"0":"post-8203","1":"product","2":"type-product","3":"status-publish","4":"has-post-thumbnail","6":"product_brand-sophie-dumont","7":"product_cat-abstract","8":"product_cat-painting","9":"product_tag-abstract-art","10":"product_tag-figurative","11":"product_tag-geometric","12":"product_shipping_class-medium","14":"first","15":"instock","16":"sold-individually","17":"shipping-taxable","18":"purchasable","19":"product-type-simple"},"acf":[],"_links":{"self":[{"href":"https:\/\/www.belart-gallery.com\/nl\/wp-json\/wp\/v2\/product\/8203","targetHints":{"allow":["GET"]}}],"collection":[{"href":"https:\/\/www.belart-gallery.com\/nl\/wp-json\/wp\/v2\/product"}],"about":[{"href":"https:\/\/www.belart-gallery.com\/nl\/wp-json\/wp\/v2\/types\/product"}],"wp:featuredmedia":[{"embeddable":true,"href":"https:\/\/www.belart-gallery.com\/nl\/wp-json\/wp\/v2\/media\/3078"}],"wp:attachment":[{"href":"https:\/\/www.belart-gallery.com\/nl\/wp-json\/wp\/v2\/media?parent=8203"}],"wp:term":[{"taxonomy":"product_brand","embeddable":true,"href":"https:\/\/www.belart-gallery.com\/nl\/wp-json\/wp\/v2\/product_brand?post=8203"},{"taxonomy":"product_cat","embeddable":true,"href":"https:\/\/www.belart-gallery.com\/nl\/wp-json\/wp\/v2\/product_cat?post=8203"},{"taxonomy":"product_tag","embeddable":true,"href":"https:\/\/www.belart-gallery.com\/nl\/wp-json\/wp\/v2\/product_tag?post=8203"},{"taxonomy":"department","embeddable":true,"href":"https:\/\/www.belart-gallery.com\/nl\/wp-json\/wp\/v2\/department?post=8203"}],"curies":[{"name":"wp","href":"https:\/\/api.w.org\/{rel}","templated":true}]}}