{"id":8403,"date":"2025-04-28T15:48:17","date_gmt":"2025-04-28T15:48:17","guid":{"rendered":"https:\/\/belart-gallery.com\/product-page\/battre-le-coeur-dans-nos-idees-folles\/"},"modified":"2026-02-27T22:53:09","modified_gmt":"2026-02-27T22:53:09","slug":"jazzu-art-battre-le-coeur-dans-nos-idees-folles-89-x-116-cm","status":"publish","type":"product","link":"https:\/\/www.belart-gallery.com\/nl\/product-page\/jazzu-art-battre-le-coeur-dans-nos-idees-folles-89-x-116-cm\/","title":{"rendered":"Battre le c\u0153ur dans nos id\u00e9es suivantes"},"content":{"rendered":"<p>Het kunstwerk is beschikbaar voor afhaling bij BelArt Gallery in Brussel, Belgi\u00eb, of kan binnen 2 tot 3 weken na bevestiging van je bestelling worden geleverd op een adres naar keuze. Het kunstwerk is verzekerd tijdens het transport, dus er is geen risico. Herkomst: Belgi\u00eb<\/p>\n<p>&nbsp;<\/p>\n<p>\"Battre le c\u0153ur dans nos id\u00e9es folles\" door <a href=\"https:\/\/www.belart-gallery.com\/nl\/jazzu\/\" target=\"_blank\" rel=\"noopener\">Jazzu<\/a> is een krachtig portret, een visueel testament voor de ongetemde geest van het najagen van je dromen met een onbevreesde passie. Dit werk stelt niet alleen figuren voor, maar brengt de emotie en gedrevenheid achter het najagen van iemands wildste idee\u00ebn tot leven. De dynamische compositie lijkt te trillen van energie, alsof de figuren zelf dansen op het ritme van hun eigen verlangens, onbelast door twijfel of conventie. Het gedurfde kleurgebruik en de expressieve vormen trekken de kijker naar binnen en cre\u00ebren een bijna elektrische verbinding met de hartslag van het werk.<\/p>\n<p><a href=\"https:\/\/www.belart-gallery.com\/nl\/jazzu\/\" target=\"_blank\" rel=\"noopener\">Jazzu<\/a>'s <a href=\"https:\/\/www.belart-gallery.com\/nl\/outsider-art\/\" target=\"_blank\" rel=\"noopener\"><strong>outsiderkunst<\/strong><\/a> stijl schijnt door in de rauwe, ongefilterde emotie die op het doek is vastgelegd. Hoewel de figuren abstract en vereenvoudigd zijn, stralen ze een authenticiteit uit die direct tot het hart spreekt. De kunst met textuur voegt diepte en dimensie toe en nodigt de kijker uit om zowel de fysieke als de emotionele lagen van het werk te verkennen. Jazzu's kenmerkende gekrabbelde woorden en zinnen roepen een gevoel van rebels optimisme op en sporen de kijker aan om na te denken over hun eigen dromen en deze met moed en overtuiging na te jagen.<\/p>\n<p>Duik dieper in <a href=\"https:\/\/www.belart-gallery.com\/nl\/jazzu\/\" target=\"_blank\" rel=\"noopener\">Jazzu<\/a>wereld van expressieve <a href=\"https:\/\/www.belart-gallery.com\/nl\/portrait\/\" target=\"_blank\" rel=\"noopener\"><strong>portret<\/strong><\/a> werken en ontdek hoe hun kenmerkende outsiderkunststijl grenzen uitdaagt en je uitnodigt om gepassioneerd te leven, net zoals de figuren in \"Battre le c\u0153ur dans nos id\u00e9es folles\" doen.<\/p>\n<p>&nbsp;<\/p>\n<div>\n<div>\n<div>\n<div>\n<div>\n<div><\/div>\n<\/div>\n<\/div>\n<\/div>\n<\/div>\n<\/div>\n<p>&nbsp;<\/p>","protected":false},"excerpt":{"rendered":"<p>The artwork is available for pickup at BelArt Gallery in Brussels, Belgium, or it can be delivered to the address of your choice within 2 to 3 weeks after your order is confirmed. The artwork is insured during transportation, so there&#8217;s no risk. Origin: Belgium. &nbsp; &#8220;Battre le c\u0153ur dans nos id\u00e9es folles&#8221; by Jazzu [&hellip;]<\/p>","protected":false},"featured_media":4530,"template":"","meta":{"_acf_changed":false,"inline_featured_image":false,"_monsterinsights_skip_tracking":false,"_monsterinsights_sitenote_active":false,"_monsterinsights_sitenote_note":"","_monsterinsights_sitenote_category":0},"product_brand":[195],"product_cat":[167,33,36],"product_tag":[123,169,168,134,170],"department":[],"class_list":{"0":"post-8403","1":"product","2":"type-product","3":"status-publish","4":"has-post-thumbnail","6":"product_brand-jazzu","7":"product_cat-figurative","8":"product_cat-outsider-art","9":"product_cat-painting","10":"product_tag-colorful-artwork","11":"product_tag-colors","12":"product_tag-friends","13":"product_tag-portrait","14":"product_tag-text","15":"product_shipping_class-large","17":"first","18":"instock","19":"shipping-taxable","20":"purchasable","21":"product-type-simple"},"acf":[],"_links":{"self":[{"href":"https:\/\/www.belart-gallery.com\/nl\/wp-json\/wp\/v2\/product\/8403","targetHints":{"allow":["GET"]}}],"collection":[{"href":"https:\/\/www.belart-gallery.com\/nl\/wp-json\/wp\/v2\/product"}],"about":[{"href":"https:\/\/www.belart-gallery.com\/nl\/wp-json\/wp\/v2\/types\/product"}],"version-history":[{"count":0,"href":"https:\/\/www.belart-gallery.com\/nl\/wp-json\/wp\/v2\/product\/8403\/revisions"}],"wp:featuredmedia":[{"embeddable":true,"href":"https:\/\/www.belart-gallery.com\/nl\/wp-json\/wp\/v2\/media\/4530"}],"wp:attachment":[{"href":"https:\/\/www.belart-gallery.com\/nl\/wp-json\/wp\/v2\/media?parent=8403"}],"wp:term":[{"taxonomy":"product_brand","embeddable":true,"href":"https:\/\/www.belart-gallery.com\/nl\/wp-json\/wp\/v2\/product_brand?post=8403"},{"taxonomy":"product_cat","embeddable":true,"href":"https:\/\/www.belart-gallery.com\/nl\/wp-json\/wp\/v2\/product_cat?post=8403"},{"taxonomy":"product_tag","embeddable":true,"href":"https:\/\/www.belart-gallery.com\/nl\/wp-json\/wp\/v2\/product_tag?post=8403"},{"taxonomy":"department","embeddable":true,"href":"https:\/\/www.belart-gallery.com\/nl\/wp-json\/wp\/v2\/department?post=8403"}],"curies":[{"name":"wp","href":"https:\/\/api.w.org\/{rel}","templated":true}]}}